{"id":1926,"date":"2026-05-06T20:28:04","date_gmt":"2026-05-06T11:28:04","guid":{"rendered":"https:\/\/banhangnhat.com\/?page_id=1926"},"modified":"2026-05-06T22:49:33","modified_gmt":"2026-05-06T13:49:33","slug":"thanh-vien-spviet","status":"publish","type":"page","link":"https:\/\/banhangnhat.com\/vi\/thanh-vien-spviet\/","title":{"rendered":"Th\u00e0nh vi\u00ean SPVIET"},"content":{"rendered":"<p><div class=\"spviet-rlp-card spviet-rlp-login spviet-member-box\"><div class=\"spviet-rlp-headline\"><span class=\"spviet-rlp-kicker\">SPVIET MEMBER<\/span><h3>\u0110\u0103ng nh\u1eadp \/ \u0110\u0103ng k\u00fd th\u00e0nh vi\u00ean<\/h3><p>\u0110\u0103ng nh\u1eadp \u0111\u1ec3 upload h\u00f3a \u0111\u01a1n, t\u00edch \u0111i\u1ec3m, nh\u1eadn voucher v\u00e0 tham gia b\u1ea3ng x\u1ebfp h\u1ea1ng kh\u00e1ch h\u00e0ng.<\/p><\/div><div class=\"spviet-rlp-social-row\"><button type=\"button\" class=\"spviet-rlp-btn spviet-rlp-btn-google spviet-social-disabled\" data-msg=\"Google Client ID ch\u01b0a \u0111\u01b0\u1ee3c c\u1ea5u h\u00ecnh trong Thi\u1ebft \u0111\u1ecbnh.\">\u0110\u0103ng nh\u1eadp b\u1eb1ng Gmail<\/button><button type=\"button\" class=\"spviet-rlp-btn spviet-rlp-btn-facebook\" id=\"spviet-facebook-login\">\u0110\u0103ng nh\u1eadp b\u1eb1ng Facebook<\/button><\/div><div class=\"spviet-rlp-auth-tabs\" role=\"tablist\"><button type=\"button\" class=\"active\" data-auth-tab=\"login\">\u0110\u0103ng nh\u1eadp<\/button><button type=\"button\" data-auth-tab=\"register\">\u0110\u0103ng k\u00fd<\/button><\/div><form id=\"spviet-email-login-form\" class=\"spviet-rlp-auth-form\" data-auth-panel=\"login\" action=\"\"><div class=\"spviet-form-grid\"><label>Email ho\u1eb7c t\u00e0i kho\u1ea3n<input type=\"text\" name=\"login\" autocomplete=\"username\" required><\/label><label>M\u1eadt kh\u1ea9u<input type=\"password\" name=\"password\" autocomplete=\"current-password\" required><\/label><\/div><button class=\"spviet-rlp-btn\" type=\"submit\">\u0110\u0103ng nh\u1eadp<\/button> <a class=\"spviet-rlp-link\" href=\"https:\/\/banhangnhat.com\/vi\/my-account\/lost-password\/\">Qu\u00ean m\u1eadt kh\u1ea9u?<\/a><input type=\"hidden\" name=\"trp-form-language\" value=\"vi\"\/><\/form><form id=\"spviet-register-form\" class=\"spviet-rlp-auth-form\" data-auth-panel=\"register\" style=\"display:none\" action=\"\"><div class=\"spviet-form-grid\"><label>H\u1ecd t\u00ean<input type=\"text\" name=\"name\" autocomplete=\"name\" required><\/label><label>Email<input type=\"email\" name=\"email\" autocomplete=\"email\" required><\/label><label>M\u1eadt kh\u1ea9u<input type=\"password\" name=\"password\" autocomplete=\"new-password\" minlength=\"8\" required><\/label><label>Nh\u1eadp l\u1ea1i m\u1eadt kh\u1ea9u<input type=\"password\" name=\"password2\" autocomplete=\"new-password\" minlength=\"8\" required><\/label><label>M\u00e3 b\u01b0u \u0111i\u1ec7n \/ \u90f5\u4fbf\u756a\u53f7<input type=\"text\" name=\"postal_code\" id=\"spviet-postal-code\" inputmode=\"numeric\" maxlength=\"8\" placeholder=\"\u4f8b: 4430104\" required><small class=\"spviet-field-help\">Nh\u1eadp 7 s\u1ed1, h\u1ec7 th\u1ed1ng t\u1ef1 l\u1ea5y \u0111\u1ecba ch\u1ec9 ph\u1ea7n \u0111\u1ea7u.<\/small><\/label><label>\u0110\u1ecba ch\u1ec9 d\u00f2ng 1<input type=\"text\" name=\"address1\" id=\"spviet-address1\" placeholder=\"T\u1ef1 l\u1ea5y t\u1eeb m\u00e3 b\u01b0u \u0111i\u1ec7n\" required><\/label><label class=\"spviet-wide-field\">\u0110\u1ecba ch\u1ec9 d\u00f2ng 2<input type=\"text\" name=\"address2\" id=\"spviet-address2\" placeholder=\"S\u1ed1 nh\u00e0, t\u1ea7ng, c\u0103n h\u1ed9, t\u00ean t\u00f2a nh\u00e0...\" autocomplete=\"street-address\"><\/label><\/div><div id=\"spviet-zip-message\" class=\"spviet-zip-message\"><\/div><button class=\"spviet-rlp-btn\" type=\"submit\">\u0110\u0103ng k\u00fd th\u00e0nh vi\u00ean<\/button><input type=\"hidden\" name=\"trp-form-language\" value=\"vi\"\/><\/form><div id=\"spviet-login-message\" class=\"spviet-login-message\"><\/div><\/div><br \/>\n<div class=\"spviet-rlp-card spviet-rlp-upload\"><div class=\"spviet-rlp-headline\"><span class=\"spviet-rlp-kicker\">RECEIPT OCR<\/span><h3>Upload h\u00f3a \u0111\u01a1n mua h\u00e0ng<\/h3><\/div><p class=\"spviet-rlp-alert\">B\u1ea1n c\u1ea7n \u0111\u0103ng nh\u1eadp ho\u1eb7c \u0111\u0103ng k\u00fd th\u00e0nh vi\u00ean tr\u01b0\u1edbc khi upload h\u00f3a \u0111\u01a1n.<\/p><\/div><br \/>\n<div class=\"spviet-rlp-card\"><div class=\"spviet-rlp-headline\"><span class=\"spviet-rlp-kicker\">MY SPVIET PRO<\/span><h3>H\u1ed3 s\u01a1 th\u00e0nh vi\u00ean<\/h3><\/div><p class=\"spviet-rlp-alert\">B\u1ea1n c\u1ea7n \u0111\u0103ng nh\u1eadp \u0111\u1ec3 xem th\u1ed1ng k\u00ea c\u00e1 nh\u00e2n.<\/p><\/div><br \/>\n<div class=\"spviet-rlp-card\"><p class=\"spviet-rlp-alert\">B\u1ea1n c\u1ea7n \u0111\u0103ng nh\u1eadp \u0111\u1ec3 xem QR th\u00e0nh vi\u00ean.<\/p><\/div><br \/>\n<div class=\"spviet-rlp-card spviet-rlp-ranking\"><div class=\"spviet-rlp-headline\"><span class=\"spviet-rlp-kicker\">RANKING<\/span><h3>B\u1ea3ng x\u1ebfp h\u1ea1ng kh\u00e1ch h\u00e0ng<\/h3><\/div><div class=\"spviet-rlp-filter\"><select id=\"spviet-ranking-period\"><option value=\"today\" >H\u00f4m nay<\/option><option value=\"week\" >Tu\u1ea7n n\u00e0y<\/option><option value=\"month\"  selected='selected'>Th\u00e1ng n\u00e0y<\/option><option value=\"quarter\" >Qu\u00fd n\u00e0y<\/option><option value=\"6months\" >6 th\u00e1ng<\/option><option value=\"year\" >1 n\u0103m<\/option><\/select><select id=\"spviet-ranking-branch\"><option value=\"0\">To\u00e0n h\u1ec7 th\u1ed1ng<\/option><option value=\"5\">SPVIET USHIDA<\/option><option value=\"6\">SPVIET TOYOHASHI<\/option><option value=\"7\">SPVIET CHIRYU<\/option><option value=\"8\">KHO GAMAGORI<\/option><option value=\"9\">SPVIET TOYOTA<\/option><option value=\"10\">SPVIET EIKAKU<\/option><option value=\"11\">SPVIET TOYOKAWA<\/option><option value=\"12\">SPVIET OZU<\/option><option value=\"13\">SPVIET YATSUSHIRO<\/option><option value=\"14\">SPVIET KIKUCHI<\/option><option value=\"15\">SPVIET MINAMI<\/option><option value=\"16\">SPVIET TAGAWA<\/option><option value=\"17\">SPVIET YUKUHASHI<\/option><\/select><select id=\"spviet-ranking-sort\"><option value=\"spent\">Chi ti\u00eau nhi\u1ec1u nh\u1ea5t<\/option><option value=\"visits\">S\u1ed1 l\u1ea7n \u0111\u1ebfn nhi\u1ec1u nh\u1ea5t<\/option><\/select><button class=\"spviet-rlp-btn\" id=\"spviet-ranking-refresh\">Xem<\/button><\/div><div id=\"spviet-ranking-result\">\u0110ang t\u1ea3i...<\/div><\/div><br \/>\n<div class=\"spviet-tv-ranking\" data-period=\"month\" data-branch=\"0\"><div class=\"spviet-tv-header\"><div><span>SPVIET LOYALTY TV<\/span><h2>B\u1ea2NG X\u1ebeP H\u1ea0NG KH\u00c1CH H\u00c0NG<\/h2><\/div><div class=\"spviet-tv-clock\" id=\"spviet-tv-clock\"><\/div><\/div><div id=\"spviet-tv-ranking-result\" class=\"spviet-tv-ranking-result\">\u0110ang t\u1ea3i...<\/div><\/div><\/p>","protected":false},"excerpt":{"rendered":"","protected":false},"author":1,"featured_media":0,"parent":0,"menu_order":0,"comment_status":"closed","ping_status":"closed","template":"","meta":{"footnotes":""},"class_list":["post-1926","page","type-page","status-publish","hentry"],"_links":{"self":[{"href":"https:\/\/banhangnhat.com\/vi\/wp-json\/wp\/v2\/pages\/1926","targetHints":{"allow":["GET"]}}],"collection":[{"href":"https:\/\/banhangnhat.com\/vi\/wp-json\/wp\/v2\/pages"}],"about":[{"href":"https:\/\/banhangnhat.com\/vi\/wp-json\/wp\/v2\/types\/page"}],"author":[{"embeddable":true,"href":"https:\/\/banhangnhat.com\/vi\/wp-json\/wp\/v2\/users\/1"}],"replies":[{"embeddable":true,"href":"https:\/\/banhangnhat.com\/vi\/wp-json\/wp\/v2\/comments?post=1926"}],"version-history":[{"count":2,"href":"https:\/\/banhangnhat.com\/vi\/wp-json\/wp\/v2\/pages\/1926\/revisions"}],"predecessor-version":[{"id":1929,"href":"https:\/\/banhangnhat.com\/vi\/wp-json\/wp\/v2\/pages\/1926\/revisions\/1929"}],"wp:attachment":[{"href":"https:\/\/banhangnhat.com\/vi\/wp-json\/wp\/v2\/media?parent=1926"}],"curies":[{"name":"wp","href":"https:\/\/api.w.org\/{rel}","templated":true}]}}