{"id":1932,"date":"2026-05-06T23:52:57","date_gmt":"2026-05-06T14:52:57","guid":{"rendered":"https:\/\/banhangnhat.com\/?page_id=1932"},"modified":"2026-05-06T23:52:57","modified_gmt":"2026-05-06T14:52:57","slug":"chinh-sach-quyen-rieng-tu-facebook","status":"publish","type":"page","link":"https:\/\/banhangnhat.com\/vi\/chinh-sach-quyen-rieng-tu-facebook\/","title":{"rendered":"Ch\u00ednh s\u00e1ch quy\u1ec1n ri\u00eang t\u01b0 Facebook"},"content":{"rendered":"<h1 data-section-id=\"1qwn8un\" data-start=\"330\" data-end=\"357\">CH\u00cdNH S\u00c1CH QUY\u1ec0N RI\u00caNG T\u01af<\/h1>\n<p data-start=\"359\" data-end=\"392\"><strong data-start=\"359\" data-end=\"381\">C\u1eadp nh\u1eadt l\u1ea7n cu\u1ed1i:<\/strong> 06\/05\/2026<\/p>\n<p data-start=\"394\" data-end=\"634\">Ch\u00fang t\u00f4i t\u00f4n tr\u1ecdng v\u00e0 cam k\u1ebft b\u1ea3o v\u1ec7 quy\u1ec1n ri\u00eang t\u01b0 c\u1ee7a ng\u01b0\u1eddi d\u00f9ng khi s\u1eed d\u1ee5ng website, \u1ee9ng d\u1ee5ng ho\u1eb7c c\u00e1c d\u1ecbch v\u1ee5 li\u00ean quan \u0111\u1ebfn Facebook Login, Facebook Share, Facebook Check-in v\u00e0 c\u00e1c ch\u01b0\u01a1ng tr\u00ecnh khuy\u1ebfn m\u1ea1i\/voucher do ch\u00fang t\u00f4i cung c\u1ea5p.<\/p>\n<h2 data-section-id=\"o5bd75\" data-start=\"636\" data-end=\"670\">1. Th\u00f4ng tin ch\u00fang t\u00f4i thu th\u1eadp<\/h2>\n<p data-start=\"672\" data-end=\"812\">Khi ng\u01b0\u1eddi d\u00f9ng \u0111\u0103ng nh\u1eadp ho\u1eb7c t\u01b0\u01a1ng t\u00e1c th\u00f4ng qua Facebook, ch\u00fang t\u00f4i c\u00f3 th\u1ec3 thu th\u1eadp m\u1ed9t s\u1ed1 th\u00f4ng tin c\u01a1 b\u1ea3n do Facebook cung c\u1ea5p, bao g\u1ed3m:<\/p>\n<ul data-start=\"814\" data-end=\"1113\">\n<li data-section-id=\"6cf2wq\" data-start=\"814\" data-end=\"848\">H\u1ecd v\u00e0 t\u00ean hi\u1ec3n th\u1ecb tr\u00ean Facebook<\/li>\n<li data-section-id=\"aasois\" data-start=\"849\" data-end=\"888\">\u0110\u1ecba ch\u1ec9 email n\u1ebfu ng\u01b0\u1eddi d\u00f9ng cho ph\u00e9p<\/li>\n<li data-section-id=\"vc2028\" data-start=\"889\" data-end=\"920\">\u1ea2nh \u0111\u1ea1i di\u1ec7n c\u00f4ng khai n\u1ebfu c\u00f3<\/li>\n<li data-section-id=\"16pjfo4\" data-start=\"921\" data-end=\"945\">ID ng\u01b0\u1eddi d\u00f9ng Facebook<\/li>\n<li data-section-id=\"1kvblre\" data-start=\"946\" data-end=\"1113\">Th\u00f4ng tin t\u01b0\u01a1ng t\u00e1c li\u00ean quan \u0111\u1ebfn ch\u01b0\u01a1ng tr\u00ecnh khuy\u1ebfn m\u1ea1i, v\u00ed d\u1ee5: th\u1eddi gian tham gia, tr\u1ea1ng th\u00e1i nh\u1eadn voucher, \u1ea3nh ch\u1ee5p m\u00e0n h\u00ecnh do ng\u01b0\u1eddi d\u00f9ng t\u1ef1 t\u1ea3i l\u00ean \u0111\u1ec3 x\u00e1c minh<\/li>\n<\/ul>\n<p data-start=\"1115\" data-end=\"1178\">Ch\u00fang t\u00f4i kh\u00f4ng t\u1ef1 \u00fd thu th\u1eadp m\u1eadt kh\u1ea9u Facebook c\u1ee7a ng\u01b0\u1eddi d\u00f9ng.<\/p>\n<h2 data-section-id=\"3gdau9\" data-start=\"1180\" data-end=\"1212\">2. M\u1ee5c \u0111\u00edch s\u1eed d\u1ee5ng th\u00f4ng tin<\/h2>\n<p data-start=\"1214\" data-end=\"1258\">Th\u00f4ng tin \u0111\u01b0\u1ee3c s\u1eed d\u1ee5ng cho c\u00e1c m\u1ee5c \u0111\u00edch sau:<\/p>\n<ul data-start=\"1260\" data-end=\"1594\">\n<li data-section-id=\"1aduzd9\" data-start=\"1260\" data-end=\"1319\">X\u00e1c minh danh t\u00ednh ng\u01b0\u1eddi d\u00f9ng khi \u0111\u0103ng nh\u1eadp b\u1eb1ng Facebook<\/li>\n<li data-section-id=\"cplcmq\" data-start=\"1320\" data-end=\"1408\">Ki\u1ec3m tra \u0111i\u1ec1u ki\u1ec7n tham gia ch\u01b0\u01a1ng tr\u00ecnh khuy\u1ebfn m\u1ea1i, voucher ho\u1eb7c s\u1ef1 ki\u1ec7n c\u1ee7a c\u1eeda h\u00e0ng<\/li>\n<li data-section-id=\"tr1pi3\" data-start=\"1409\" data-end=\"1495\">Ng\u0103n ch\u1eb7n gian l\u1eadn, s\u1eed d\u1ee5ng nhi\u1ec1u t\u00e0i kho\u1ea3n ho\u1eb7c nh\u1eadn voucher nhi\u1ec1u l\u1ea7n kh\u00f4ng h\u1ee3p l\u1ec7<\/li>\n<li data-section-id=\"14lt50b\" data-start=\"1496\" data-end=\"1537\">Li\u00ean h\u1ec7 h\u1ed7 tr\u1ee3 ng\u01b0\u1eddi d\u00f9ng khi c\u1ea7n thi\u1ebft<\/li>\n<li data-section-id=\"1dedxva\" data-start=\"1538\" data-end=\"1594\">C\u1ea3i thi\u1ec7n ch\u1ea5t l\u01b0\u1ee3ng d\u1ecbch v\u1ee5 v\u00e0 tr\u1ea3i nghi\u1ec7m kh\u00e1ch h\u00e0ng<\/li>\n<\/ul>\n<h2 data-section-id=\"186d7p1\" data-start=\"1596\" data-end=\"1634\">3. Chia s\u1ebb th\u00f4ng tin v\u1edbi b\u00ean th\u1ee9 ba<\/h2>\n<p data-start=\"1636\" data-end=\"1728\">Ch\u00fang t\u00f4i kh\u00f4ng b\u00e1n, trao \u0111\u1ed5i ho\u1eb7c cho thu\u00ea th\u00f4ng tin c\u00e1 nh\u00e2n c\u1ee7a ng\u01b0\u1eddi d\u00f9ng cho b\u00ean th\u1ee9 ba.<\/p>\n<p data-start=\"1730\" data-end=\"1789\">Th\u00f4ng tin ch\u1ec9 c\u00f3 th\u1ec3 \u0111\u01b0\u1ee3c chia s\u1ebb trong c\u00e1c tr\u01b0\u1eddng h\u1ee3p sau:<\/p>\n<ul data-start=\"1791\" data-end=\"2039\">\n<li data-section-id=\"mwoukk\" data-start=\"1791\" data-end=\"1837\">Khi c\u00f3 y\u00eau c\u1ea7u h\u1ee3p ph\u00e1p t\u1eeb c\u01a1 quan ch\u1ee9c n\u0103ng<\/li>\n<li data-section-id=\"15of3ur\" data-start=\"1838\" data-end=\"1912\">Khi c\u1ea7n thi\u1ebft \u0111\u1ec3 b\u1ea3o v\u1ec7 quy\u1ec1n l\u1ee3i h\u1ee3p ph\u00e1p c\u1ee7a ch\u00fang t\u00f4i ho\u1eb7c ng\u01b0\u1eddi d\u00f9ng<\/li>\n<li data-section-id=\"13dedqe\" data-start=\"1913\" data-end=\"2039\">Khi s\u1eed d\u1ee5ng c\u00e1c d\u1ecbch v\u1ee5 k\u1ef9 thu\u1eadt c\u1ea7n thi\u1ebft \u0111\u1ec3 v\u1eadn h\u00e0nh website, v\u00ed d\u1ee5: m\u00e1y ch\u1ee7 l\u01b0u tr\u1eef, h\u1ec7 th\u1ed1ng b\u1ea3o m\u1eadt, h\u1ec7 th\u1ed1ng g\u1eedi email<\/li>\n<\/ul>\n<h2 data-section-id=\"1k5eduy\" data-start=\"2041\" data-end=\"2072\">4. L\u01b0u tr\u1eef v\u00e0 b\u1ea3o v\u1ec7 d\u1eef li\u1ec7u<\/h2>\n<p data-start=\"2074\" data-end=\"2223\">Ch\u00fang t\u00f4i \u00e1p d\u1ee5ng c\u00e1c bi\u1ec7n ph\u00e1p k\u1ef9 thu\u1eadt ph\u00f9 h\u1ee3p \u0111\u1ec3 b\u1ea3o v\u1ec7 th\u00f4ng tin ng\u01b0\u1eddi d\u00f9ng kh\u1ecfi truy c\u1eadp tr\u00e1i ph\u00e9p, m\u1ea5t m\u00e1t, thay \u0111\u1ed5i ho\u1eb7c ti\u1ebft l\u1ed9 ngo\u00e0i \u00fd mu\u1ed1n.<\/p>\n<p data-start=\"2225\" data-end=\"2388\">D\u1eef li\u1ec7u ng\u01b0\u1eddi d\u00f9ng ch\u1ec9 \u0111\u01b0\u1ee3c l\u01b0u tr\u1eef trong th\u1eddi gian c\u1ea7n thi\u1ebft cho m\u1ee5c \u0111\u00edch v\u1eadn h\u00e0nh d\u1ecbch v\u1ee5, x\u00e1c minh khuy\u1ebfn m\u1ea1i, x\u1eed l\u00fd khi\u1ebfu n\u1ea1i ho\u1eb7c tu\u00e2n th\u1ee7 quy \u0111\u1ecbnh ph\u00e1p lu\u1eadt.<\/p>\n<h2 data-section-id=\"dc0rfl\" data-start=\"2390\" data-end=\"2435\">5. \u1ea2nh ch\u1ee5p m\u00e0n h\u00ecnh do ng\u01b0\u1eddi d\u00f9ng t\u1ea3i l\u00ean<\/h2>\n<p data-start=\"2437\" data-end=\"2644\">Trong m\u1ed9t s\u1ed1 ch\u01b0\u01a1ng tr\u00ecnh khuy\u1ebfn m\u1ea1i, ng\u01b0\u1eddi d\u00f9ng c\u00f3 th\u1ec3 \u0111\u01b0\u1ee3c y\u00eau c\u1ea7u t\u1ea3i l\u00ean \u1ea3nh ch\u1ee5p m\u00e0n h\u00ecnh \u0111\u1ec3 ch\u1ee9ng minh \u0111\u00e3 th\u1ef1c hi\u1ec7n h\u00e0nh \u0111\u1ed9ng nh\u01b0 check-in, chia s\u1ebb b\u00e0i vi\u1ebft, \u0111\u00e1nh gi\u00e1 ho\u1eb7c t\u01b0\u01a1ng t\u00e1c v\u1edbi trang Facebook.<\/p>\n<p data-start=\"2646\" data-end=\"2832\">\u1ea2nh n\u00e0y ch\u1ec9 \u0111\u01b0\u1ee3c s\u1eed d\u1ee5ng \u0111\u1ec3 x\u00e1c minh \u0111i\u1ec1u ki\u1ec7n nh\u1eadn \u01b0u \u0111\u00e3i v\u00e0 ph\u00f2ng ch\u1ed1ng gian l\u1eadn. Ch\u00fang t\u00f4i kh\u00f4ng s\u1eed d\u1ee5ng \u1ea3nh n\u00e0y cho m\u1ee5c \u0111\u00edch qu\u1ea3ng c\u00e1o c\u00f4ng khai n\u1ebfu ch\u01b0a c\u00f3 s\u1ef1 \u0111\u1ed3ng \u00fd c\u1ee7a ng\u01b0\u1eddi d\u00f9ng.<\/p>\n<h2 data-section-id=\"m86xpv\" data-start=\"2834\" data-end=\"2860\">6. Quy\u1ec1n c\u1ee7a ng\u01b0\u1eddi d\u00f9ng<\/h2>\n<p data-start=\"2862\" data-end=\"2890\">Ng\u01b0\u1eddi d\u00f9ng c\u00f3 quy\u1ec1n y\u00eau c\u1ea7u:<\/p>\n<ul data-start=\"2892\" data-end=\"3126\">\n<li data-section-id=\"sr597l\" data-start=\"2892\" data-end=\"2938\">Ki\u1ec3m tra th\u00f4ng tin c\u00e1 nh\u00e2n \u0111ang \u0111\u01b0\u1ee3c l\u01b0u tr\u1eef<\/li>\n<li data-section-id=\"10f5ddt\" data-start=\"2939\" data-end=\"2975\">Ch\u1ec9nh s\u1eeda th\u00f4ng tin ch\u01b0a ch\u00ednh x\u00e1c<\/li>\n<li data-section-id=\"eox0k6\" data-start=\"2976\" data-end=\"3013\">X\u00f3a th\u00f4ng tin c\u00e1 nh\u00e2n kh\u1ecfi h\u1ec7 th\u1ed1ng<\/li>\n<li data-section-id=\"jbl6ss\" data-start=\"3014\" data-end=\"3073\">H\u1ee7y li\u00ean k\u1ebft t\u00e0i kho\u1ea3n Facebook v\u1edbi d\u1ecbch v\u1ee5 c\u1ee7a ch\u00fang t\u00f4i<\/li>\n<li data-section-id=\"1233gqm\" data-start=\"3074\" data-end=\"3126\">Y\u00eau c\u1ea7u x\u00f3a d\u1eef li\u1ec7u \u0111\u00e3 cung c\u1ea5p th\u00f4ng qua Facebook<\/li>\n<\/ul>\n<h2 data-section-id=\"1fvlb04\" data-start=\"3128\" data-end=\"3158\">7. C\u00e1ch y\u00eau c\u1ea7u x\u00f3a d\u1eef li\u1ec7u<\/h2>\n<p data-start=\"3160\" data-end=\"3286\">N\u1ebfu ng\u01b0\u1eddi d\u00f9ng mu\u1ed1n x\u00f3a d\u1eef li\u1ec7u li\u00ean quan \u0111\u1ebfn Facebook Login ho\u1eb7c c\u00e1c ch\u01b0\u01a1ng tr\u00ecnh khuy\u1ebfn m\u1ea1i, vui l\u00f2ng g\u1eedi y\u00eau c\u1ea7u qua email:<\/p>\n<div class=\"relative w-full mt-4 mb-1\">\n<div class=\"\">\n<div class=\"relative\">\n<div class=\"h-full min-h-0 min-w-0\">\n<div class=\"h-full min-h-0 min-w-0\">\n<div class=\"border border-token-border-light border-radius-3xl corner-superellipse\/1.1 rounded-3xl\">\n<div class=\"h-full w-full border-radius-3xl bg-token-bg-elevated-secondary corner-superellipse\/1.1 overflow-clip rounded-3xl lxnfua_clipPathFallback\">\n<div class=\"pointer-events-none absolute end-1.5 top-1 z-2 md:end-2 md:top-1\"><\/div>\n<div class=\"relative\">\n<div class=\"pe-11 pt-3\">\n<div class=\"relative z-0 flex max-w-full\">\n<div id=\"code-block-viewer\" class=\"q9tKkq_viewer cm-editor z-10 light:cm-light dark:cm-light flex h-full w-full flex-col items-stretch \u037cd \u037cr\" dir=\"ltr\">\n<div class=\"cm-scroller\">\n<pre class=\"cm-content q9tKkq_readonly m-0\"><code>info@huongvietjp.com<\/code><\/pre>\n<\/div>\n<\/div>\n<\/div>\n<\/div>\n<\/div>\n<\/div>\n<\/div>\n<\/div>\n<\/div>\n<div class=\"\">\n<div class=\"\"><\/div>\n<\/div>\n<\/div>\n<\/div>\n<\/div>\n<p data-start=\"3322\" data-end=\"3348\">N\u1ed9i dung email n\u00ean ghi r\u00f5:<\/p>\n<div class=\"relative w-full mt-4 mb-1\">\n<div class=\"\">\n<div class=\"relative\">\n<div class=\"h-full min-h-0 min-w-0\">\n<div class=\"h-full min-h-0 min-w-0\">\n<div class=\"border border-token-border-light border-radius-3xl corner-superellipse\/1.1 rounded-3xl\">\n<div class=\"h-full w-full border-radius-3xl bg-token-bg-elevated-secondary corner-superellipse\/1.1 overflow-clip rounded-3xl lxnfua_clipPathFallback\">\n<div class=\"pointer-events-none absolute end-1.5 top-1 z-2 md:end-2 md:top-1\"><\/div>\n<div class=\"relative\">\n<div class=\"pe-11 pt-3\">\n<div class=\"relative z-0 flex max-w-full\">\n<div id=\"code-block-viewer\" class=\"q9tKkq_viewer cm-editor z-10 light:cm-light dark:cm-light flex h-full w-full flex-col items-stretch \u037cd \u037cr\" dir=\"ltr\">\n<div class=\"cm-scroller\">\n<pre class=\"cm-content q9tKkq_readonly m-0\"><code>Y\u00eau c\u1ea7u x\u00f3a d\u1eef li\u1ec7u Facebook\r\nH\u1ecd t\u00ean:\r\nEmail \u0111\u0103ng nh\u1eadp:\r\nFacebook ID n\u1ebfu c\u00f3:\r\nL\u00fd do y\u00eau c\u1ea7u:<\/code><\/pre>\n<\/div>\n<\/div>\n<\/div>\n<\/div>\n<\/div>\n<\/div>\n<\/div>\n<\/div>\n<\/div>\n<div class=\"\">\n<div class=\"\"><\/div>\n<\/div>\n<\/div>\n<\/div>\n<\/div>\n<p data-start=\"3452\" data-end=\"3546\">Sau khi nh\u1eadn \u0111\u01b0\u1ee3c y\u00eau c\u1ea7u h\u1ee3p l\u1ec7, ch\u00fang t\u00f4i s\u1ebd x\u1eed l\u00fd vi\u1ec7c x\u00f3a d\u1eef li\u1ec7u trong th\u1eddi gian ph\u00f9 h\u1ee3p.<\/p>\n<h2 data-section-id=\"yfcdh3\" data-start=\"3548\" data-end=\"3582\">8. Cookie v\u00e0 c\u00f4ng ngh\u1ec7 theo d\u00f5i<\/h2>\n<p data-start=\"3584\" data-end=\"3719\">Website c\u00f3 th\u1ec3 s\u1eed d\u1ee5ng cookie ho\u1eb7c c\u00f4ng ngh\u1ec7 t\u01b0\u01a1ng t\u1ef1 \u0111\u1ec3 ghi nh\u1edb phi\u00ean \u0111\u0103ng nh\u1eadp, c\u1ea3i thi\u1ec7n tr\u1ea3i nghi\u1ec7m ng\u01b0\u1eddi d\u00f9ng v\u00e0 b\u1ea3o m\u1eadt h\u1ec7 th\u1ed1ng.<\/p>\n<p data-start=\"3721\" data-end=\"3826\">Ng\u01b0\u1eddi d\u00f9ng c\u00f3 th\u1ec3 t\u1eaft cookie trong tr\u00ecnh duy\u1ec7t, tuy nhi\u00ean m\u1ed9t s\u1ed1 ch\u1ee9c n\u0103ng c\u00f3 th\u1ec3 kh\u00f4ng ho\u1ea1t \u0111\u1ed9ng \u0111\u1ea7y \u0111\u1ee7.<\/p>\n<h2 data-section-id=\"1qx31ok\" data-start=\"3828\" data-end=\"3864\">9. Li\u00ean k\u1ebft \u0111\u1ebfn n\u1ec1n t\u1ea3ng Facebook<\/h2>\n<p data-start=\"3866\" data-end=\"3988\">D\u1ecbch v\u1ee5 c\u1ee7a ch\u00fang t\u00f4i c\u00f3 th\u1ec3 li\u00ean k\u1ebft \u0111\u1ebfn Facebook ho\u1eb7c s\u1eed d\u1ee5ng ch\u1ee9c n\u0103ng \u0111\u0103ng nh\u1eadp, chia s\u1ebb, check-in th\u00f4ng qua Facebook.<\/p>\n<p data-start=\"3990\" data-end=\"4107\">Vi\u1ec7c s\u1eed d\u1ee5ng Facebook c\u0169ng ch\u1ecbu s\u1ef1 \u0111i\u1ec1u ch\u1ec9nh b\u1edfi ch\u00ednh s\u00e1ch quy\u1ec1n ri\u00eang t\u01b0 v\u00e0 \u0111i\u1ec1u kho\u1ea3n s\u1eed d\u1ee5ng ri\u00eang c\u1ee7a Facebook.<\/p>\n<h2 data-section-id=\"r5k116\" data-start=\"4109\" data-end=\"4135\">10. Thay \u0111\u1ed5i ch\u00ednh s\u00e1ch<\/h2>\n<p data-start=\"4137\" data-end=\"4263\">Ch\u00fang t\u00f4i c\u00f3 th\u1ec3 c\u1eadp nh\u1eadt ch\u00ednh s\u00e1ch quy\u1ec1n ri\u00eang t\u01b0 n\u00e0y khi c\u1ea7n thi\u1ebft. Phi\u00ean b\u1ea3n m\u1edbi nh\u1ea5t s\u1ebd \u0111\u01b0\u1ee3c \u0111\u0103ng c\u00f4ng khai tr\u00ean website.<\/p>\n<p data-start=\"4265\" data-end=\"4386\">Vi\u1ec7c ti\u1ebfp t\u1ee5c s\u1eed d\u1ee5ng d\u1ecbch v\u1ee5 sau khi ch\u00ednh s\u00e1ch \u0111\u01b0\u1ee3c c\u1eadp nh\u1eadt \u0111\u1ed3ng ngh\u0129a v\u1edbi vi\u1ec7c ng\u01b0\u1eddi d\u00f9ng \u0111\u1ed3ng \u00fd v\u1edbi c\u00e1c thay \u0111\u1ed5i \u0111\u00f3.<\/p>\n<h2 data-section-id=\"1a8izmf\" data-start=\"4388\" data-end=\"4412\">11. Th\u00f4ng tin li\u00ean h\u1ec7<\/h2>\n<p data-start=\"4414\" data-end=\"4519\">N\u1ebfu c\u00f3 c\u00e2u h\u1ecfi li\u00ean quan \u0111\u1ebfn ch\u00ednh s\u00e1ch quy\u1ec1n ri\u00eang t\u01b0 ho\u1eb7c vi\u1ec7c x\u1eed l\u00fd d\u1eef li\u1ec7u c\u00e1 nh\u00e2n, vui l\u00f2ng li\u00ean h\u1ec7:<\/p>\n<div class=\"relative w-full mt-4 mb-1\">\n<div class=\"\">\n<div class=\"relative\">\n<div class=\"h-full min-h-0 min-w-0\">\n<div class=\"h-full min-h-0 min-w-0\">\n<div class=\"border border-token-border-light border-radius-3xl corner-superellipse\/1.1 rounded-3xl\">\n<div class=\"h-full w-full border-radius-3xl bg-token-bg-elevated-secondary corner-superellipse\/1.1 overflow-clip rounded-3xl lxnfua_clipPathFallback\">\n<div class=\"pointer-events-none absolute end-1.5 top-1 z-2 md:end-2 md:top-1\"><\/div>\n<div class=\"relative\">\n<div class=\"pe-11 pt-3\">\n<div class=\"relative z-0 flex max-w-full\">\n<div id=\"code-block-viewer\" class=\"q9tKkq_viewer cm-editor z-10 light:cm-light dark:cm-light flex h-full w-full flex-col items-stretch \u037cd \u037cr\" dir=\"ltr\">\n<div class=\"cm-scroller\">\n<pre class=\"cm-content q9tKkq_readonly m-0\"><code>T\u00ean \u0111\u01a1n v\u1ecb: S\u1ea2N PH\u1ea8M VI\u1ec6T \/ H\u01af\u01a0NG VI\u1ec6T\r\nEmail: info@huongvietjp.com\r\nWebsite: https:\/\/huongvietjp.com\r\n\u0110\u1ecba ch\u1ec9: Japan<\/code><\/pre>\n<\/div>\n<\/div>\n<\/div>\n<\/div>\n<\/div>\n<\/div>\n<\/div>\n<\/div>\n<\/div>\n<\/div>\n<\/div>\n<\/div>","protected":false},"excerpt":{"rendered":"<p>CH\u00cdNH S\u00c1CH QUY\u1ec0N RI\u00caNG T\u01af C\u1eadp nh\u1eadt l\u1ea7n cu\u1ed1i: 06\/05\/2026 [&hellip;]<\/p>\n","protected":false},"author":1,"featured_media":0,"parent":0,"menu_order":0,"comment_status":"closed","ping_status":"closed","template":"","meta":{"footnotes":""},"class_list":["post-1932","page","type-page","status-publish","hentry"],"_links":{"self":[{"href":"https:\/\/banhangnhat.com\/vi\/wp-json\/wp\/v2\/pages\/1932","targetHints":{"allow":["GET"]}}],"collection":[{"href":"https:\/\/banhangnhat.com\/vi\/wp-json\/wp\/v2\/pages"}],"about":[{"href":"https:\/\/banhangnhat.com\/vi\/wp-json\/wp\/v2\/types\/page"}],"author":[{"embeddable":true,"href":"https:\/\/banhangnhat.com\/vi\/wp-json\/wp\/v2\/users\/1"}],"replies":[{"embeddable":true,"href":"https:\/\/banhangnhat.com\/vi\/wp-json\/wp\/v2\/comments?post=1932"}],"version-history":[{"count":1,"href":"https:\/\/banhangnhat.com\/vi\/wp-json\/wp\/v2\/pages\/1932\/revisions"}],"predecessor-version":[{"id":1933,"href":"https:\/\/banhangnhat.com\/vi\/wp-json\/wp\/v2\/pages\/1932\/revisions\/1933"}],"wp:attachment":[{"href":"https:\/\/banhangnhat.com\/vi\/wp-json\/wp\/v2\/media?parent=1932"}],"curies":[{"name":"wp","href":"https:\/\/api.w.org\/{rel}","templated":true}]}}