{"id":1934,"date":"2026-05-06T23:55:20","date_gmt":"2026-05-06T14:55:20","guid":{"rendered":"https:\/\/banhangnhat.com\/?page_id=1934"},"modified":"2026-05-07T00:08:25","modified_gmt":"2026-05-06T15:08:25","slug":"huong-dan-xoa-du-lieu-facebook","status":"publish","type":"page","link":"https:\/\/banhangnhat.com\/vi\/huong-dan-xoa-du-lieu-facebook\/","title":{"rendered":"H\u01b0\u1edbng d\u1eabn x\u00f3a d\u1eef li\u1ec7u Facebook"},"content":{"rendered":"<h1 data-section-id=\"1g6pca3\" data-start=\"444\" data-end=\"487\">H\u01af\u1edaNG D\u1eaaN X\u00d3A D\u1eee LI\u1ec6U NG\u01af\u1edcI D\u00d9NG FACEBOOK<\/h1>\n<p data-start=\"489\" data-end=\"522\"><strong data-start=\"489\" data-end=\"511\">C\u1eadp nh\u1eadt l\u1ea7n cu\u1ed1i:<\/strong> 06\/05\/2026<\/p>\n<p data-start=\"524\" data-end=\"729\">Trang n\u00e0y h\u01b0\u1edbng d\u1eabn ng\u01b0\u1eddi d\u00f9ng c\u00e1ch y\u00eau c\u1ea7u x\u00f3a d\u1eef li\u1ec7u \u0111\u00e3 cung c\u1ea5p th\u00f4ng qua Facebook Login, Facebook Share, Facebook Check-in ho\u1eb7c c\u00e1c ch\u01b0\u01a1ng tr\u00ecnh khuy\u1ebfn m\u1ea1i\/voucher li\u00ean quan \u0111\u1ebfn d\u1ecbch v\u1ee5 c\u1ee7a ch\u00fang t\u00f4i.<\/p>\n<h2 data-section-id=\"cplc7t\" data-start=\"731\" data-end=\"774\">1. D\u1eef li\u1ec7u Facebook ch\u00fang t\u00f4i c\u00f3 th\u1ec3 l\u01b0u<\/h2>\n<p data-start=\"776\" data-end=\"898\">Khi ng\u01b0\u1eddi d\u00f9ng \u0111\u0103ng nh\u1eadp ho\u1eb7c t\u01b0\u01a1ng t\u00e1c b\u1eb1ng Facebook, h\u1ec7 th\u1ed1ng c\u1ee7a ch\u00fang t\u00f4i c\u00f3 th\u1ec3 l\u01b0u m\u1ed9t s\u1ed1 th\u00f4ng tin c\u01a1 b\u1ea3n, bao g\u1ed3m:<\/p>\n<ul data-start=\"900\" data-end=\"1228\">\n<li data-section-id=\"nsy8qz\" data-start=\"900\" data-end=\"923\">T\u00ean hi\u1ec3n th\u1ecb Facebook<\/li>\n<li data-section-id=\"1wrplgc\" data-start=\"924\" data-end=\"955\">Email n\u1ebfu ng\u01b0\u1eddi d\u00f9ng cho ph\u00e9p<\/li>\n<li data-section-id=\"ql9wcc\" data-start=\"956\" data-end=\"974\">Facebook User ID<\/li>\n<li data-section-id=\"vc2028\" data-start=\"975\" data-end=\"1006\">\u1ea2nh \u0111\u1ea1i di\u1ec7n c\u00f4ng khai n\u1ebfu c\u00f3<\/li>\n<li data-section-id=\"18i8982\" data-start=\"1007\" data-end=\"1055\">Th\u1eddi gian \u0111\u0103ng nh\u1eadp ho\u1eb7c tham gia ch\u01b0\u01a1ng tr\u00ecnh<\/li>\n<li data-section-id=\"1lrj4zk\" data-start=\"1056\" data-end=\"1110\">Tr\u1ea1ng th\u00e1i nh\u1eadn voucher ho\u1eb7c l\u1ecbch s\u1eed x\u00e1c minh \u01b0u \u0111\u00e3i<\/li>\n<li data-section-id=\"1qd586p\" data-start=\"1111\" data-end=\"1228\">\u1ea2nh ch\u1ee5p m\u00e0n h\u00ecnh do ng\u01b0\u1eddi d\u00f9ng t\u1ef1 t\u1ea3i l\u00ean \u0111\u1ec3 ch\u1ee9ng minh vi\u1ec7c check-in, chia s\u1ebb b\u00e0i vi\u1ebft ho\u1eb7c t\u01b0\u01a1ng t\u00e1c v\u1edbi fanpage<\/li>\n<\/ul>\n<p data-start=\"1230\" data-end=\"1297\">Ch\u00fang t\u00f4i kh\u00f4ng thu th\u1eadp ho\u1eb7c l\u01b0u m\u1eadt kh\u1ea9u Facebook c\u1ee7a ng\u01b0\u1eddi d\u00f9ng.<\/p>\n<h2 data-section-id=\"1ab4wf2\" data-start=\"1299\" data-end=\"1345\">2. C\u00e1ch x\u00f3a li\u00ean k\u1ebft \u1ee9ng d\u1ee5ng kh\u1ecfi Facebook<\/h2>\n<p data-start=\"1347\" data-end=\"1423\">Ng\u01b0\u1eddi d\u00f9ng c\u00f3 th\u1ec3 t\u1ef1 g\u1ee1 li\u00ean k\u1ebft \u1ee9ng d\u1ee5ng kh\u1ecfi t\u00e0i kho\u1ea3n Facebook b\u1eb1ng c\u00e1ch:<\/p>\n<ol data-start=\"1425\" data-end=\"1661\">\n<li data-section-id=\"1lsz5ug\" data-start=\"1425\" data-end=\"1461\">\u0110\u0103ng nh\u1eadp v\u00e0o t\u00e0i kho\u1ea3n Facebook.<\/li>\n<li data-section-id=\"12sbbvi\" data-start=\"1462\" data-end=\"1498\">V\u00e0o <strong data-start=\"1469\" data-end=\"1497\">C\u00e0i \u0111\u1eb7t &amp; quy\u1ec1n ri\u00eang t\u01b0<\/strong>.<\/li>\n<li data-section-id=\"gx05l2\" data-start=\"1499\" data-end=\"1519\">Ch\u1ecdn <strong data-start=\"1507\" data-end=\"1518\">C\u00e0i \u0111\u1eb7t<\/strong>.<\/li>\n<li data-section-id=\"qxlvfc\" data-start=\"1520\" data-end=\"1554\">Ch\u1ecdn <strong data-start=\"1528\" data-end=\"1553\">\u1ee8ng d\u1ee5ng v\u00e0 trang web<\/strong>.<\/li>\n<li data-section-id=\"102lgjw\" data-start=\"1555\" data-end=\"1620\">T\u00ecm \u1ee9ng d\u1ee5ng ho\u1eb7c website li\u00ean quan \u0111\u1ebfn d\u1ecbch v\u1ee5 c\u1ee7a ch\u00fang t\u00f4i.<\/li>\n<li data-section-id=\"knrqhd\" data-start=\"1621\" data-end=\"1661\">Ch\u1ecdn <strong data-start=\"1629\" data-end=\"1644\">G\u1ee1 \/ Remove<\/strong> \u0111\u1ec3 h\u1ee7y li\u00ean k\u1ebft.<\/li>\n<\/ol>\n<p data-start=\"1663\" data-end=\"1754\">Sau khi g\u1ee1 li\u00ean k\u1ebft, \u1ee9ng d\u1ee5ng s\u1ebd kh\u00f4ng ti\u1ebfp t\u1ee5c truy c\u1eadp th\u00f4ng tin Facebook c\u1ee7a ng\u01b0\u1eddi d\u00f9ng.<\/p>\n<h2 data-section-id=\"z6eo6y\" data-start=\"1756\" data-end=\"1803\">3. C\u00e1ch y\u00eau c\u1ea7u ch\u00fang t\u00f4i x\u00f3a d\u1eef li\u1ec7u \u0111\u00e3 l\u01b0u<\/h2>\n<p data-start=\"1805\" data-end=\"1910\">N\u1ebfu ng\u01b0\u1eddi d\u00f9ng mu\u1ed1n x\u00f3a d\u1eef li\u1ec7u \u0111\u00e3 \u0111\u01b0\u1ee3c l\u01b0u trong h\u1ec7 th\u1ed1ng c\u1ee7a ch\u00fang t\u00f4i, vui l\u00f2ng g\u1eedi y\u00eau c\u1ea7u qua email:<\/p>\n<div class=\"relative w-full mt-4 mb-1\">\n<div class=\"\">\n<div class=\"relative\">\n<div class=\"h-full min-h-0 min-w-0\">\n<div class=\"h-full min-h-0 min-w-0\">\n<div class=\"border border-token-border-light border-radius-3xl corner-superellipse\/1.1 rounded-3xl\">\n<div class=\"h-full w-full border-radius-3xl bg-token-bg-elevated-secondary corner-superellipse\/1.1 overflow-clip rounded-3xl lxnfua_clipPathFallback\">\n<div class=\"pointer-events-none absolute end-1.5 top-1 z-2 md:end-2 md:top-1\"><\/div>\n<div class=\"relative\">\n<div class=\"pe-11 pt-3\">\n<div class=\"relative z-0 flex max-w-full\">\n<div id=\"code-block-viewer\" class=\"q9tKkq_viewer cm-editor z-10 light:cm-light dark:cm-light flex h-full w-full flex-col items-stretch \u037cd \u037cr\" dir=\"ltr\">\n<div class=\"cm-scroller\">\n<pre class=\"cm-content q9tKkq_readonly m-0\"><code>info@huongvietjp.com<\/code><\/pre>\n<\/div>\n<\/div>\n<\/div>\n<\/div>\n<\/div>\n<\/div>\n<\/div>\n<\/div>\n<\/div>\n<div class=\"\">\n<div class=\"\"><\/div>\n<\/div>\n<\/div>\n<\/div>\n<\/div>\n<p data-start=\"1946\" data-end=\"1968\">Ti\u00eau \u0111\u1ec1 email n\u00ean ghi:<\/p>\n<div class=\"relative w-full mt-4 mb-1\">\n<div class=\"\">\n<div class=\"relative\">\n<div class=\"h-full min-h-0 min-w-0\">\n<div class=\"h-full min-h-0 min-w-0\">\n<div class=\"border border-token-border-light border-radius-3xl corner-superellipse\/1.1 rounded-3xl\">\n<div class=\"h-full w-full border-radius-3xl bg-token-bg-elevated-secondary corner-superellipse\/1.1 overflow-clip rounded-3xl lxnfua_clipPathFallback\">\n<div class=\"pointer-events-none absolute end-1.5 top-1 z-2 md:end-2 md:top-1\"><\/div>\n<div class=\"relative\">\n<div class=\"pe-11 pt-3\">\n<div class=\"relative z-0 flex max-w-full\">\n<div id=\"code-block-viewer\" class=\"q9tKkq_viewer cm-editor z-10 light:cm-light dark:cm-light flex h-full w-full flex-col items-stretch \u037cd \u037cr\" dir=\"ltr\">\n<div class=\"cm-scroller\">\n<pre class=\"cm-content q9tKkq_readonly m-0\"><code>Y\u00eau c\u1ea7u x\u00f3a d\u1eef li\u1ec7u Facebook<\/code><\/pre>\n<\/div>\n<\/div>\n<\/div>\n<\/div>\n<\/div>\n<\/div>\n<\/div>\n<\/div>\n<\/div>\n<div class=\"\">\n<div class=\"\"><\/div>\n<\/div>\n<\/div>\n<\/div>\n<\/div>\n<p data-start=\"2012\" data-end=\"2045\">N\u1ed9i dung email vui l\u00f2ng cung c\u1ea5p:<\/p>\n<div class=\"relative w-full mt-4 mb-1\">\n<div class=\"\">\n<div class=\"relative\">\n<div class=\"h-full min-h-0 min-w-0\">\n<div class=\"h-full min-h-0 min-w-0\">\n<div class=\"border border-token-border-light border-radius-3xl corner-superellipse\/1.1 rounded-3xl\">\n<div class=\"h-full w-full border-radius-3xl bg-token-bg-elevated-secondary corner-superellipse\/1.1 overflow-clip rounded-3xl lxnfua_clipPathFallback\">\n<div class=\"pointer-events-none absolute end-1.5 top-1 z-2 md:end-2 md:top-1\"><\/div>\n<div class=\"relative\">\n<div class=\"pe-11 pt-3\">\n<div class=\"relative z-0 flex max-w-full\">\n<div id=\"code-block-viewer\" class=\"q9tKkq_viewer cm-editor z-10 light:cm-light dark:cm-light flex h-full w-full flex-col items-stretch \u037cd \u037cr\" dir=\"ltr\">\n<div class=\"cm-scroller\">\n<pre class=\"cm-content q9tKkq_readonly m-0\"><code>H\u1ecd v\u00e0 t\u00ean:\r\nEmail \u0111\u00e3 d\u00f9ng \u0111\u1ec3 \u0111\u0103ng nh\u1eadp:\r\nFacebook ID n\u1ebfu c\u00f3:\r\nT\u00ean ch\u01b0\u01a1ng tr\u00ecnh\/voucher \u0111\u00e3 tham gia n\u1ebfu c\u00f3:\r\nY\u00eau c\u1ea7u: X\u00f3a d\u1eef li\u1ec7u Facebook kh\u1ecfi h\u1ec7 th\u1ed1ng<\/code><\/pre>\n<\/div>\n<\/div>\n<\/div>\n<\/div>\n<\/div>\n<\/div>\n<\/div>\n<\/div>\n<\/div>\n<div class=\"\">\n<div class=\"\"><\/div>\n<\/div>\n<\/div>\n<\/div>\n<\/div>\n<h2 data-section-id=\"j6s3wl\" data-start=\"2208\" data-end=\"2237\">4. Th\u1eddi gian x\u1eed l\u00fd y\u00eau c\u1ea7u<\/h2>\n<p data-start=\"2239\" data-end=\"2345\">Sau khi nh\u1eadn \u0111\u01b0\u1ee3c y\u00eau c\u1ea7u h\u1ee3p l\u1ec7, ch\u00fang t\u00f4i s\u1ebd ki\u1ec3m tra v\u00e0 x\u1eed l\u00fd vi\u1ec7c x\u00f3a d\u1eef li\u1ec7u trong th\u1eddi gian ph\u00f9 h\u1ee3p.<\/p>\n<p data-start=\"2347\" data-end=\"2394\">Th\u00f4ng th\u01b0\u1eddng, y\u00eau c\u1ea7u s\u1ebd \u0111\u01b0\u1ee3c x\u1eed l\u00fd trong v\u00f2ng:<\/p>\n<div class=\"relative w-full mt-4 mb-1\">\n<div class=\"\">\n<div class=\"relative\">\n<div class=\"h-full min-h-0 min-w-0\">\n<div class=\"h-full min-h-0 min-w-0\">\n<div class=\"border border-token-border-light border-radius-3xl corner-superellipse\/1.1 rounded-3xl\">\n<div class=\"h-full w-full border-radius-3xl bg-token-bg-elevated-secondary corner-superellipse\/1.1 overflow-clip rounded-3xl lxnfua_clipPathFallback\">\n<div class=\"pointer-events-none absolute end-1.5 top-1 z-2 md:end-2 md:top-1\"><\/div>\n<div class=\"relative\">\n<div class=\"pe-11 pt-3\">\n<div class=\"relative z-0 flex max-w-full\">\n<div id=\"code-block-viewer\" class=\"q9tKkq_viewer cm-editor z-10 light:cm-light dark:cm-light flex h-full w-full flex-col items-stretch \u037cd \u037cr\" dir=\"ltr\">\n<div class=\"cm-scroller\">\n<pre class=\"cm-content q9tKkq_readonly m-0\"><code>7 \u0111\u1ebfn 30 ng\u00e0y l\u00e0m vi\u1ec7c<\/code><\/pre>\n<\/div>\n<\/div>\n<\/div>\n<\/div>\n<\/div>\n<\/div>\n<\/div>\n<\/div>\n<\/div>\n<div class=\"\">\n<div class=\"\"><\/div>\n<\/div>\n<\/div>\n<\/div>\n<\/div>\n<p data-start=\"2432\" data-end=\"2558\">Trong tr\u01b0\u1eddng h\u1ee3p c\u1ea7n x\u00e1c minh th\u00eam th\u00f4ng tin \u0111\u1ec3 tr\u00e1nh x\u00f3a nh\u1ea7m d\u1eef li\u1ec7u, ch\u00fang t\u00f4i c\u00f3 th\u1ec3 li\u00ean h\u1ec7 l\u1ea1i v\u1edbi ng\u01b0\u1eddi d\u00f9ng qua email.<\/p>\n<h2 data-section-id=\"1xzueue\" data-start=\"2560\" data-end=\"2589\">5. D\u1eef li\u1ec7u c\u00f3 th\u1ec3 \u0111\u01b0\u1ee3c x\u00f3a<\/h2>\n<p data-start=\"2591\" data-end=\"2717\">Khi y\u00eau c\u1ea7u x\u00f3a d\u1eef li\u1ec7u \u0111\u01b0\u1ee3c ch\u1ea5p nh\u1eadn, ch\u00fang t\u00f4i s\u1ebd x\u00f3a ho\u1eb7c \u1ea9n c\u00e1c th\u00f4ng tin li\u00ean quan \u0111\u1ebfn Facebook c\u1ee7a ng\u01b0\u1eddi d\u00f9ng, bao g\u1ed3m:<\/p>\n<ul data-start=\"2719\" data-end=\"3048\">\n<li data-section-id=\"ql9wcc\" data-start=\"2719\" data-end=\"2737\">Facebook User ID<\/li>\n<li data-section-id=\"ke4gq8\" data-start=\"2738\" data-end=\"2752\">T\u00ean Facebook<\/li>\n<li data-section-id=\"1qxgqyx\" data-start=\"2753\" data-end=\"2782\">Email li\u00ean k\u1ebft v\u1edbi Facebook<\/li>\n<li data-section-id=\"1le15ho\" data-start=\"2783\" data-end=\"2808\">\u1ea2nh \u0111\u1ea1i di\u1ec7n n\u1ebfu c\u00f3 l\u01b0u<\/li>\n<li data-section-id=\"hh0y4m\" data-start=\"2809\" data-end=\"2842\">D\u1eef li\u1ec7u \u0111\u0103ng nh\u1eadp b\u1eb1ng Facebook<\/li>\n<li data-section-id=\"343mmq\" data-start=\"2843\" data-end=\"2916\">D\u1eef li\u1ec7u tham gia ch\u01b0\u01a1ng tr\u00ecnh khuy\u1ebfn m\u1ea1i\/voucher li\u00ean quan \u0111\u1ebfn Facebook<\/li>\n<li data-section-id=\"op9k9i\" data-start=\"2917\" data-end=\"3048\">\u1ea2nh ch\u1ee5p m\u00e0n h\u00ecnh x\u00e1c minh do ng\u01b0\u1eddi d\u00f9ng \u0111\u00e3 t\u1ea3i l\u00ean, n\u1ebfu kh\u00f4ng c\u00f2n c\u1ea7n thi\u1ebft cho m\u1ee5c \u0111\u00edch x\u1eed l\u00fd khi\u1ebfu n\u1ea1i ho\u1eb7c tu\u00e2n th\u1ee7 ph\u00e1p lu\u1eadt<\/li>\n<\/ul>\n<h2 data-section-id=\"ok1nzz\" data-start=\"3050\" data-end=\"3094\">6. M\u1ed9t s\u1ed1 d\u1eef li\u1ec7u c\u00f3 th\u1ec3 c\u1ea7n l\u01b0u t\u1ea1m th\u1eddi<\/h2>\n<p data-start=\"3096\" data-end=\"3192\">Trong m\u1ed9t s\u1ed1 tr\u01b0\u1eddng h\u1ee3p, ch\u00fang t\u00f4i c\u00f3 th\u1ec3 c\u1ea7n l\u01b0u m\u1ed9t ph\u1ea7n d\u1eef li\u1ec7u trong th\u1eddi gian c\u1ea7n thi\u1ebft \u0111\u1ec3:<\/p>\n<ul data-start=\"3194\" data-end=\"3401\">\n<li data-section-id=\"o5vr0o\" data-start=\"3194\" data-end=\"3238\">Ng\u0103n ch\u1eb7n gian l\u1eadn voucher ho\u1eb7c khuy\u1ebfn m\u1ea1i<\/li>\n<li data-section-id=\"3mwmzr\" data-start=\"3239\" data-end=\"3288\">X\u1eed l\u00fd tranh ch\u1ea5p, khi\u1ebfu n\u1ea1i ho\u1eb7c y\u00eau c\u1ea7u h\u1ed7 tr\u1ee3<\/li>\n<li data-section-id=\"4av2w\" data-start=\"3289\" data-end=\"3341\">Tu\u00e2n th\u1ee7 y\u00eau c\u1ea7u ph\u00e1p lu\u1eadt ho\u1eb7c quy \u0111\u1ecbnh li\u00ean quan<\/li>\n<li data-section-id=\"qb2npr\" data-start=\"3342\" data-end=\"3401\">B\u1ea3o v\u1ec7 quy\u1ec1n l\u1ee3i h\u1ee3p ph\u00e1p c\u1ee7a ng\u01b0\u1eddi d\u00f9ng v\u00e0 c\u1ee7a ch\u00fang t\u00f4i<\/li>\n<\/ul>\n<p data-start=\"3403\" data-end=\"3483\">Sau khi kh\u00f4ng c\u00f2n c\u1ea7n thi\u1ebft, d\u1eef li\u1ec7u s\u1ebd \u0111\u01b0\u1ee3c x\u00f3a ho\u1eb7c \u1ea9n kh\u1ecfi h\u1ec7 th\u1ed1ng v\u1eadn h\u00e0nh.<\/p>\n<h2 data-section-id=\"1qc4ppk\" data-start=\"3485\" data-end=\"3505\">7. Li\u00ean h\u1ec7 h\u1ed7 tr\u1ee3<\/h2>\n<p data-start=\"3507\" data-end=\"3580\">N\u1ebfu c\u00f3 c\u00e2u h\u1ecfi li\u00ean quan \u0111\u1ebfn vi\u1ec7c x\u00f3a d\u1eef li\u1ec7u Facebook, vui l\u00f2ng li\u00ean h\u1ec7:<\/p>\n<div class=\"relative w-full mt-4 mb-1\">\n<div class=\"\">\n<div class=\"relative\">\n<div class=\"h-full min-h-0 min-w-0\">\n<div class=\"h-full min-h-0 min-w-0\">\n<div class=\"border border-token-border-light border-radius-3xl corner-superellipse\/1.1 rounded-3xl\">\n<div class=\"h-full w-full border-radius-3xl bg-token-bg-elevated-secondary corner-superellipse\/1.1 overflow-clip rounded-3xl lxnfua_clipPathFallback\">\n<div class=\"pointer-events-none absolute end-1.5 top-1 z-2 md:end-2 md:top-1\"><\/div>\n<div class=\"relative\">\n<div class=\"pe-11 pt-3\">\n<div class=\"relative z-0 flex max-w-full\">\n<div id=\"code-block-viewer\" class=\"q9tKkq_viewer cm-editor z-10 light:cm-light dark:cm-light flex h-full w-full flex-col items-stretch \u037cd \u037cr\" dir=\"ltr\">\n<div class=\"cm-scroller\">\n<pre class=\"cm-content q9tKkq_readonly m-0\"><code>T\u00ean \u0111\u01a1n v\u1ecb: S\u1ea2N PH\u1ea8M VI\u1ec6T \/ H\u01af\u01a0NG VI\u1ec6T\r\nEmail: info@huongvietjp.com\r\nWebsite: https:\/\/huongvietjp.com\r\n\u0110\u1ecba ch\u1ec9: Japan<\/code><\/pre>\n<\/div>\n<\/div>\n<\/div>\n<\/div>\n<\/div>\n<\/div>\n<\/div>\n<\/div>\n<\/div>\n<\/div>\n<\/div>\n<\/div>","protected":false},"excerpt":{"rendered":"<p>H\u01af\u1edaNG D\u1eaaN X\u00d3A D\u1eee LI\u1ec6U NG\u01af\u1edcI D\u00d9NG FACEBOOK C\u1eadp nh\u1eadt l\u1ea7n  [&hellip;]<\/p>\n","protected":false},"author":1,"featured_media":0,"parent":0,"menu_order":0,"comment_status":"closed","ping_status":"closed","template":"","meta":{"footnotes":""},"class_list":["post-1934","page","type-page","status-publish","hentry"],"_links":{"self":[{"href":"https:\/\/banhangnhat.com\/vi\/wp-json\/wp\/v2\/pages\/1934","targetHints":{"allow":["GET"]}}],"collection":[{"href":"https:\/\/banhangnhat.com\/vi\/wp-json\/wp\/v2\/pages"}],"about":[{"href":"https:\/\/banhangnhat.com\/vi\/wp-json\/wp\/v2\/types\/page"}],"author":[{"embeddable":true,"href":"https:\/\/banhangnhat.com\/vi\/wp-json\/wp\/v2\/users\/1"}],"replies":[{"embeddable":true,"href":"https:\/\/banhangnhat.com\/vi\/wp-json\/wp\/v2\/comments?post=1934"}],"version-history":[{"count":1,"href":"https:\/\/banhangnhat.com\/vi\/wp-json\/wp\/v2\/pages\/1934\/revisions"}],"predecessor-version":[{"id":1935,"href":"https:\/\/banhangnhat.com\/vi\/wp-json\/wp\/v2\/pages\/1934\/revisions\/1935"}],"wp:attachment":[{"href":"https:\/\/banhangnhat.com\/vi\/wp-json\/wp\/v2\/media?parent=1934"}],"curies":[{"name":"wp","href":"https:\/\/api.w.org\/{rel}","templated":true}]}}