{"id":1936,"date":"2026-05-07T00:09:19","date_gmt":"2026-05-06T15:09:19","guid":{"rendered":"https:\/\/banhangnhat.com\/?page_id=1936"},"modified":"2026-05-07T00:09:19","modified_gmt":"2026-05-06T15:09:19","slug":"dieu-khoan-dich-vu","status":"publish","type":"page","link":"https:\/\/banhangnhat.com\/vi\/dieu-khoan-dich-vu\/","title":{"rendered":"\u0110i\u1ec1u kho\u1ea3n d\u1ecbch v\u1ee5"},"content":{"rendered":"<h1 data-section-id=\"vxadi5\" data-start=\"296\" data-end=\"316\">\u0110I\u1ec0U KHO\u1ea2N D\u1ecaCH V\u1ee4<\/h1>\n<p data-start=\"318\" data-end=\"351\"><strong data-start=\"318\" data-end=\"340\">C\u1eadp nh\u1eadt l\u1ea7n cu\u1ed1i:<\/strong> 06\/05\/2026<\/p>\n<p data-start=\"353\" data-end=\"671\">Ch\u00e0o m\u1eebng qu\u00fd kh\u00e1ch \u0111\u1ebfn v\u1edbi website v\u00e0 c\u00e1c d\u1ecbch v\u1ee5 tr\u1ef1c tuy\u1ebfn c\u1ee7a ch\u00fang t\u00f4i. Khi truy c\u1eadp, \u0111\u0103ng k\u00fd t\u00e0i kho\u1ea3n, \u0111\u0103ng nh\u1eadp b\u1eb1ng Facebook, Google ho\u1eb7c s\u1eed d\u1ee5ng c\u00e1c ch\u01b0\u01a1ng tr\u00ecnh khuy\u1ebfn m\u1ea1i, voucher, check-in, chia s\u1ebb b\u00e0i vi\u1ebft, \u0111\u00e1nh gi\u00e1 ho\u1eb7c c\u00e1c t\u00ednh n\u0103ng li\u00ean quan, qu\u00fd kh\u00e1ch \u0111\u1ed3ng \u00fd tu\u00e2n th\u1ee7 c\u00e1c \u0111i\u1ec1u kho\u1ea3n d\u1ecbch v\u1ee5 d\u01b0\u1edbi \u0111\u00e2y.<\/p>\n<h2 data-section-id=\"1rq31hs\" data-start=\"673\" data-end=\"704\">1. Th\u00f4ng tin \u0111\u01a1n v\u1ecb v\u1eadn h\u00e0nh<\/h2>\n<div class=\"relative w-full mt-4 mb-1\">\n<div class=\"\">\n<div class=\"relative\">\n<div class=\"h-full min-h-0 min-w-0\">\n<div class=\"h-full min-h-0 min-w-0\">\n<div class=\"border border-token-border-light border-radius-3xl corner-superellipse\/1.1 rounded-3xl\">\n<div class=\"h-full w-full border-radius-3xl bg-token-bg-elevated-secondary corner-superellipse\/1.1 overflow-clip rounded-3xl lxnfua_clipPathFallback\">\n<div class=\"pointer-events-none absolute end-1.5 top-1 z-2 md:end-2 md:top-1\"><\/div>\n<div class=\"relative\">\n<div class=\"pe-11 pt-3\">\n<div class=\"relative z-0 flex max-w-full\">\n<div id=\"code-block-viewer\" class=\"q9tKkq_viewer cm-editor z-10 light:cm-light dark:cm-light flex h-full w-full flex-col items-stretch \u037cd \u037cr\" dir=\"ltr\">\n<div class=\"cm-scroller\">\n<pre class=\"cm-content q9tKkq_readonly m-0\"><code>T\u00ean \u0111\u01a1n v\u1ecb: S\u1ea2N PH\u1ea8M VI\u1ec6T \/ H\u01af\u01a0NG VI\u1ec6T\r\nWebsite: https:\/\/huongvietjp.com\r\nEmail li\u00ean h\u1ec7: info@huongvietjp.com\r\nKhu v\u1ef1c ho\u1ea1t \u0111\u1ed9ng: Japan<\/code><\/pre>\n<\/div>\n<\/div>\n<\/div>\n<\/div>\n<\/div>\n<\/div>\n<\/div>\n<\/div>\n<\/div>\n<div class=\"\">\n<div class=\"\"><\/div>\n<\/div>\n<\/div>\n<\/div>\n<\/div>\n<h2 data-section-id=\"1fpsov9\" data-start=\"852\" data-end=\"873\">2. Ph\u1ea1m vi d\u1ecbch v\u1ee5<\/h2>\n<p data-start=\"875\" data-end=\"943\">Website v\u00e0 \u1ee9ng d\u1ee5ng c\u1ee7a ch\u00fang t\u00f4i c\u00f3 th\u1ec3 cung c\u1ea5p c\u00e1c ch\u1ee9c n\u0103ng sau:<\/p>\n<ul data-start=\"945\" data-end=\"1283\">\n<li data-section-id=\"h3n78v\" data-start=\"945\" data-end=\"988\">\u0110\u0103ng k\u00fd v\u00e0 \u0111\u0103ng nh\u1eadp t\u00e0i kho\u1ea3n th\u00e0nh vi\u00ean<\/li>\n<li data-section-id=\"36ys4f\" data-start=\"989\" data-end=\"1031\">\u0110\u0103ng nh\u1eadp th\u00f4ng qua Facebook ho\u1eb7c Google<\/li>\n<li data-section-id=\"6sprpm\" data-start=\"1032\" data-end=\"1098\">Tham gia ch\u01b0\u01a1ng tr\u00ecnh khuy\u1ebfn m\u1ea1i, voucher, t\u00edch \u0111i\u1ec3m ho\u1eb7c \u01b0u \u0111\u00e3i<\/li>\n<li data-section-id=\"1asba8l\" data-start=\"1099\" data-end=\"1157\">Upload \u1ea3nh ch\u1ee5p m\u00e0n h\u00ecnh, h\u00f3a \u0111\u01a1n ho\u1eb7c h\u00ecnh \u1ea3nh x\u00e1c minh<\/li>\n<li data-section-id=\"mwgg7o\" data-start=\"1158\" data-end=\"1227\">Nh\u1eadn th\u00f4ng b\u00e1o, email ch\u0103m s\u00f3c kh\u00e1ch h\u00e0ng ho\u1eb7c th\u00f4ng tin khuy\u1ebfn m\u1ea1i<\/li>\n<li data-section-id=\"ae6vxz\" data-start=\"1228\" data-end=\"1283\">C\u00e1c d\u1ecbch v\u1ee5 tr\u1ef1c tuy\u1ebfn kh\u00e1c \u0111\u01b0\u1ee3c c\u00f4ng b\u1ed1 tr\u00ean website<\/li>\n<\/ul>\n<p data-start=\"1285\" data-end=\"1418\">Ch\u00fang t\u00f4i c\u00f3 quy\u1ec1n thay \u0111\u1ed5i, b\u1ed5 sung ho\u1eb7c t\u1ea1m d\u1eebng m\u1ed9t ph\u1ea7n d\u1ecbch v\u1ee5 khi c\u1ea7n thi\u1ebft \u0111\u1ec3 b\u1ea3o tr\u00ec, n\u00e2ng c\u1ea5p ho\u1eb7c \u0111\u1ea3m b\u1ea3o an to\u00e0n h\u1ec7 th\u1ed1ng.<\/p>\n<h2 data-section-id=\"x2gq0t\" data-start=\"1420\" data-end=\"1446\">3. T\u00e0i kho\u1ea3n ng\u01b0\u1eddi d\u00f9ng<\/h2>\n<p data-start=\"1448\" data-end=\"1578\">Ng\u01b0\u1eddi d\u00f9ng c\u00f3 tr\u00e1ch nhi\u1ec7m cung c\u1ea5p th\u00f4ng tin ch\u00ednh x\u00e1c khi \u0111\u0103ng k\u00fd ho\u1eb7c \u0111\u0103ng nh\u1eadp b\u1eb1ng Facebook, Google ho\u1eb7c c\u00e1c ph\u01b0\u01a1ng th\u1ee9c kh\u00e1c.<\/p>\n<p data-start=\"1580\" data-end=\"1705\">Ng\u01b0\u1eddi d\u00f9ng ch\u1ecbu tr\u00e1ch nhi\u1ec7m b\u1ea3o m\u1eadt t\u00e0i kho\u1ea3n c\u1ee7a m\u00ecnh v\u00e0 kh\u00f4ng \u0111\u01b0\u1ee3c s\u1eed d\u1ee5ng t\u00e0i kho\u1ea3n c\u1ee7a ng\u01b0\u1eddi kh\u00e1c khi ch\u01b0a \u0111\u01b0\u1ee3c cho ph\u00e9p.<\/p>\n<p data-start=\"1707\" data-end=\"1873\">Ch\u00fang t\u00f4i c\u00f3 quy\u1ec1n t\u1ea1m kh\u00f3a ho\u1eb7c h\u1ee7y quy\u1ec1n s\u1eed d\u1ee5ng t\u00e0i kho\u1ea3n n\u1ebfu ph\u00e1t hi\u1ec7n h\u00e0nh vi gian l\u1eadn, s\u1eed d\u1ee5ng sai m\u1ee5c \u0111\u00edch, vi ph\u1ea1m \u0111i\u1ec1u kho\u1ea3n ho\u1eb7c g\u00e2y \u1ea3nh h\u01b0\u1edfng \u0111\u1ebfn h\u1ec7 th\u1ed1ng.<\/p>\n<h2 data-section-id=\"5v3fyu\" data-start=\"1875\" data-end=\"1916\">4. \u0110\u0103ng nh\u1eadp b\u1eb1ng Facebook ho\u1eb7c Google<\/h2>\n<p data-start=\"1918\" data-end=\"2051\">Khi ng\u01b0\u1eddi d\u00f9ng ch\u1ecdn \u0111\u0103ng nh\u1eadp b\u1eb1ng Facebook ho\u1eb7c Google, h\u1ec7 th\u1ed1ng c\u00f3 th\u1ec3 nh\u1eadn m\u1ed9t s\u1ed1 th\u00f4ng tin c\u01a1 b\u1ea3n do n\u1ec1n t\u1ea3ng \u0111\u00f3 cung c\u1ea5p, v\u00ed d\u1ee5:<\/p>\n<ul data-start=\"2053\" data-end=\"2146\">\n<li data-section-id=\"lr0dk3\" data-start=\"2053\" data-end=\"2067\">T\u00ean hi\u1ec3n th\u1ecb<\/li>\n<li data-section-id=\"1wrplgc\" data-start=\"2068\" data-end=\"2099\">Email n\u1ebfu ng\u01b0\u1eddi d\u00f9ng cho ph\u00e9p<\/li>\n<li data-section-id=\"3qi7qx\" data-start=\"2100\" data-end=\"2114\">ID t\u00e0i kho\u1ea3n<\/li>\n<li data-section-id=\"vc2028\" data-start=\"2115\" data-end=\"2146\">\u1ea2nh \u0111\u1ea1i di\u1ec7n c\u00f4ng khai n\u1ebfu c\u00f3<\/li>\n<\/ul>\n<p data-start=\"2148\" data-end=\"2223\">Ch\u00fang t\u00f4i kh\u00f4ng thu th\u1eadp ho\u1eb7c l\u01b0u m\u1eadt kh\u1ea9u Facebook, Google c\u1ee7a ng\u01b0\u1eddi d\u00f9ng.<\/p>\n<p data-start=\"2225\" data-end=\"2338\">Vi\u1ec7c s\u1eed d\u1ee5ng Facebook ho\u1eb7c Google c\u0169ng ch\u1ecbu s\u1ef1 \u0111i\u1ec1u ch\u1ec9nh b\u1edfi \u0111i\u1ec1u kho\u1ea3n v\u00e0 ch\u00ednh s\u00e1ch ri\u00eang c\u1ee7a c\u00e1c n\u1ec1n t\u1ea3ng \u0111\u00f3.<\/p>\n<h2 data-section-id=\"1hptdyg\" data-start=\"2340\" data-end=\"2390\">5. Ch\u01b0\u01a1ng tr\u00ecnh khuy\u1ebfn m\u1ea1i, voucher v\u00e0 x\u00e1c minh<\/h2>\n<p data-start=\"2392\" data-end=\"2580\">M\u1ed9t s\u1ed1 ch\u01b0\u01a1ng tr\u00ecnh c\u00f3 th\u1ec3 y\u00eau c\u1ea7u ng\u01b0\u1eddi d\u00f9ng th\u1ef1c hi\u1ec7n c\u00e1c h\u00e0nh \u0111\u1ed9ng nh\u01b0 check-in, chia s\u1ebb b\u00e0i vi\u1ebft, \u0111\u00e1nh gi\u00e1, upload \u1ea3nh h\u00f3a \u0111\u01a1n ho\u1eb7c \u1ea3nh ch\u1ee5p m\u00e0n h\u00ecnh \u0111\u1ec3 x\u00e1c minh \u0111i\u1ec1u ki\u1ec7n nh\u1eadn \u01b0u \u0111\u00e3i.<\/p>\n<p data-start=\"2582\" data-end=\"2767\">Ng\u01b0\u1eddi d\u00f9ng cam k\u1ebft r\u1eb1ng th\u00f4ng tin, h\u00ecnh \u1ea3nh v\u00e0 n\u1ed9i dung g\u1eedi l\u00ean l\u00e0 trung th\u1ef1c, kh\u00f4ng ch\u1ec9nh s\u1eeda gian l\u1eadn, kh\u00f4ng s\u1eed d\u1ee5ng l\u1ea1i h\u00ecnh \u1ea3nh c\u1ee7a ng\u01b0\u1eddi kh\u00e1c v\u00e0 kh\u00f4ng vi ph\u1ea1m quy\u1ec1n c\u1ee7a b\u00ean th\u1ee9 ba.<\/p>\n<p data-start=\"2769\" data-end=\"2943\">Ch\u00fang t\u00f4i c\u00f3 quy\u1ec1n t\u1eeb ch\u1ed1i c\u1ea5p voucher ho\u1eb7c h\u1ee7y quy\u1ec1n nh\u1eadn \u01b0u \u0111\u00e3i n\u1ebfu ph\u00e1t hi\u1ec7n d\u1ea5u hi\u1ec7u gian l\u1eadn, tr\u00f9ng l\u1eb7p, gi\u1ea3 m\u1ea1o, ch\u1ec9nh s\u1eeda h\u00ecnh \u1ea3nh ho\u1eb7c vi ph\u1ea1m \u0111i\u1ec1u ki\u1ec7n ch\u01b0\u01a1ng tr\u00ecnh.<\/p>\n<h2 data-section-id=\"12napm6\" data-start=\"2945\" data-end=\"2965\">6. H\u00e0nh vi b\u1ecb c\u1ea5m<\/h2>\n<p data-start=\"2967\" data-end=\"3015\">Ng\u01b0\u1eddi d\u00f9ng kh\u00f4ng \u0111\u01b0\u1ee3c th\u1ef1c hi\u1ec7n c\u00e1c h\u00e0nh vi sau:<\/p>\n<ul data-start=\"3017\" data-end=\"3384\">\n<li data-section-id=\"jm82qa\" data-start=\"3017\" data-end=\"3066\">T\u1ea1o nhi\u1ec1u t\u00e0i kho\u1ea3n \u0111\u1ec3 nh\u1eadn \u01b0u \u0111\u00e3i kh\u00f4ng h\u1ee3p l\u1ec7<\/li>\n<li data-section-id=\"9q6lv4\" data-start=\"3067\" data-end=\"3127\">S\u1eed d\u1ee5ng h\u00ecnh \u1ea3nh gi\u1ea3 m\u1ea1o, ch\u1ec9nh s\u1eeda ho\u1eb7c l\u1ea5y t\u1eeb ng\u01b0\u1eddi kh\u00e1c<\/li>\n<li data-section-id=\"1xkr8ns\" data-start=\"3128\" data-end=\"3187\">Can thi\u1ec7p, t\u1ea5n c\u00f4ng, ph\u00e1 ho\u1ea1i ho\u1eb7c l\u00e0m gi\u00e1n \u0111o\u1ea1n h\u1ec7 th\u1ed1ng<\/li>\n<li data-section-id=\"nugd2u\" data-start=\"3188\" data-end=\"3233\">S\u1eed d\u1ee5ng d\u1ecbch v\u1ee5 cho m\u1ee5c \u0111\u00edch tr\u00e1i ph\u00e1p lu\u1eadt<\/li>\n<li data-section-id=\"1axfmj8\" data-start=\"3234\" data-end=\"3325\">\u0110\u0103ng t\u1ea3i n\u1ed9i dung x\u00fac ph\u1ea1m, sai s\u1ef1 th\u1eadt, vi ph\u1ea1m quy\u1ec1n ri\u00eang t\u01b0 ho\u1eb7c quy\u1ec1n s\u1edf h\u1eefu tr\u00ed tu\u1ec7<\/li>\n<li data-section-id=\"8edldn\" data-start=\"3326\" data-end=\"3384\">L\u1ee3i d\u1ee5ng l\u1ed7i h\u1ec7 th\u1ed1ng \u0111\u1ec3 nh\u1eadn quy\u1ec1n l\u1ee3i kh\u00f4ng ch\u00ednh \u0111\u00e1ng<\/li>\n<\/ul>\n<h2 data-section-id=\"s6dc6j\" data-start=\"3386\" data-end=\"3425\">7. Quy\u1ec1n s\u1edf h\u1eefu n\u1ed9i dung v\u00e0 h\u1ec7 th\u1ed1ng<\/h2>\n<p data-start=\"3427\" data-end=\"3604\">To\u00e0n b\u1ed9 giao di\u1ec7n, m\u00e3 ngu\u1ed3n, thi\u1ebft k\u1ebf, n\u1ed9i dung, h\u00ecnh \u1ea3nh, bi\u1ec3u t\u01b0\u1ee3ng, d\u1eef li\u1ec7u v\u00e0 c\u00e1c th\u00e0nh ph\u1ea7n thu\u1ed9c website ho\u1eb7c h\u1ec7 th\u1ed1ng l\u00e0 t\u00e0i s\u1ea3n c\u1ee7a ch\u00fang t\u00f4i ho\u1eb7c \u0111\u01b0\u1ee3c s\u1eed d\u1ee5ng h\u1ee3p ph\u00e1p.<\/p>\n<p data-start=\"3606\" data-end=\"3759\">Ng\u01b0\u1eddi d\u00f9ng kh\u00f4ng \u0111\u01b0\u1ee3c sao ch\u00e9p, ph\u00e2n ph\u1ed1i, s\u1eeda \u0111\u1ed5i, khai th\u00e1c th\u01b0\u01a1ng m\u1ea1i ho\u1eb7c s\u1eed d\u1ee5ng l\u1ea1i c\u00e1c th\u00e0nh ph\u1ea7n c\u1ee7a h\u1ec7 th\u1ed1ng khi ch\u01b0a c\u00f3 s\u1ef1 \u0111\u1ed3ng \u00fd b\u1eb1ng v\u0103n b\u1ea3n.<\/p>\n<h2 data-section-id=\"6rdzmg\" data-start=\"3761\" data-end=\"3789\">8. B\u1ea3o v\u1ec7 d\u1eef li\u1ec7u c\u00e1 nh\u00e2n<\/h2>\n<p data-start=\"3791\" data-end=\"3917\">Vi\u1ec7c thu th\u1eadp, l\u01b0u tr\u1eef v\u00e0 s\u1eed d\u1ee5ng d\u1eef li\u1ec7u c\u00e1 nh\u00e2n \u0111\u01b0\u1ee3c th\u1ef1c hi\u1ec7n theo <strong data-start=\"3861\" data-end=\"3890\">Ch\u00ednh s\u00e1ch quy\u1ec1n ri\u00eang t\u01b0<\/strong> \u0111\u01b0\u1ee3c c\u00f4ng b\u1ed1 tr\u00ean website.<\/p>\n<p data-start=\"3919\" data-end=\"4054\">Ng\u01b0\u1eddi d\u00f9ng c\u00f3 quy\u1ec1n y\u00eau c\u1ea7u ki\u1ec3m tra, ch\u1ec9nh s\u1eeda ho\u1eb7c x\u00f3a d\u1eef li\u1ec7u c\u00e1 nh\u00e2n theo h\u01b0\u1edbng d\u1eabn t\u1ea1i trang <strong data-start=\"4017\" data-end=\"4053\">H\u01b0\u1edbng d\u1eabn x\u00f3a d\u1eef li\u1ec7u ng\u01b0\u1eddi d\u00f9ng<\/strong>.<\/p>\n<h2 data-section-id=\"bcu8nz\" data-start=\"4056\" data-end=\"4093\">9. T\u1ea1m ng\u1eebng ho\u1eb7c ch\u1ea5m d\u1ee9t d\u1ecbch v\u1ee5<\/h2>\n<p data-start=\"4095\" data-end=\"4193\">Ch\u00fang t\u00f4i c\u00f3 quy\u1ec1n t\u1ea1m ng\u1eebng ho\u1eb7c ch\u1ea5m d\u1ee9t quy\u1ec1n truy c\u1eadp c\u1ee7a ng\u01b0\u1eddi d\u00f9ng trong c\u00e1c tr\u01b0\u1eddng h\u1ee3p sau:<\/p>\n<ul data-start=\"4195\" data-end=\"4428\">\n<li data-section-id=\"1g37cao\" data-start=\"4195\" data-end=\"4234\">Ng\u01b0\u1eddi d\u00f9ng vi ph\u1ea1m \u0111i\u1ec1u kho\u1ea3n d\u1ecbch v\u1ee5<\/li>\n<li data-section-id=\"xonk2z\" data-start=\"4235\" data-end=\"4291\">C\u00f3 d\u1ea5u hi\u1ec7u gian l\u1eadn ho\u1eb7c l\u1ea1m d\u1ee5ng ch\u01b0\u01a1ng tr\u00ecnh \u01b0u \u0111\u00e3i<\/li>\n<li data-section-id=\"18rltoj\" data-start=\"4292\" data-end=\"4329\">C\u00f3 y\u00eau c\u1ea7u t\u1eeb c\u01a1 quan c\u00f3 th\u1ea9m quy\u1ec1n<\/li>\n<li data-section-id=\"dlrc3s\" data-start=\"4330\" data-end=\"4428\">C\u1ea7n b\u1ea3o v\u1ec7 an to\u00e0n h\u1ec7 th\u1ed1ng, quy\u1ec1n l\u1ee3i c\u1ee7a ng\u01b0\u1eddi d\u00f9ng kh\u00e1c ho\u1eb7c quy\u1ec1n l\u1ee3i h\u1ee3p ph\u00e1p c\u1ee7a ch\u00fang t\u00f4i<\/li>\n<\/ul>\n<h2 data-section-id=\"1o6fbc1\" data-start=\"4430\" data-end=\"4457\">10. Mi\u1ec5n tr\u1eeb tr\u00e1ch nhi\u1ec7m<\/h2>\n<p data-start=\"4459\" data-end=\"4597\">Ch\u00fang t\u00f4i c\u1ed1 g\u1eafng duy tr\u00ec d\u1ecbch v\u1ee5 \u1ed5n \u0111\u1ecbnh v\u00e0 ch\u00ednh x\u00e1c, tuy nhi\u00ean kh\u00f4ng \u0111\u1ea3m b\u1ea3o h\u1ec7 th\u1ed1ng lu\u00f4n ho\u1ea1t \u0111\u1ed9ng kh\u00f4ng gi\u00e1n \u0111o\u1ea1n ho\u1eb7c kh\u00f4ng c\u00f3 l\u1ed7i.<\/p>\n<p data-start=\"4599\" data-end=\"4667\">Ch\u00fang t\u00f4i kh\u00f4ng ch\u1ecbu tr\u00e1ch nhi\u1ec7m \u0111\u1ed1i v\u1edbi c\u00e1c thi\u1ec7t h\u1ea1i ph\u00e1t sinh do:<\/p>\n<ul data-start=\"4669\" data-end=\"5045\">\n<li data-section-id=\"11u5fg4\" data-start=\"4669\" data-end=\"4741\">L\u1ed7i k\u1ebft n\u1ed1i internet, l\u1ed7i thi\u1ebft b\u1ecb ho\u1eb7c l\u1ed7i tr\u00ecnh duy\u1ec7t c\u1ee7a ng\u01b0\u1eddi d\u00f9ng<\/li>\n<li data-section-id=\"1c50re9\" data-start=\"4742\" data-end=\"4841\">L\u1ed7i t\u1eeb n\u1ec1n t\u1ea3ng b\u00ean th\u1ee9 ba nh\u01b0 Facebook, Google, nh\u00e0 cung c\u1ea5p hosting, email ho\u1eb7c c\u1ed5ng thanh to\u00e1n<\/li>\n<li data-section-id=\"1j5cfv6\" data-start=\"4842\" data-end=\"4922\">Ng\u01b0\u1eddi d\u00f9ng cung c\u1ea5p th\u00f4ng tin sai, s\u1eed d\u1ee5ng sai d\u1ecbch v\u1ee5 ho\u1eb7c vi ph\u1ea1m \u0111i\u1ec1u kho\u1ea3n<\/li>\n<li data-section-id=\"rzpn52\" data-start=\"4923\" data-end=\"5045\">S\u1ef1 ki\u1ec7n b\u1ea5t kh\u1ea3 kh\u00e1ng nh\u01b0 thi\u00ean tai, s\u1ef1 c\u1ed1 h\u1ec7 th\u1ed1ng, t\u1ea5n c\u00f4ng m\u1ea1ng, thay \u0111\u1ed5i ph\u00e1p lu\u1eadt ho\u1eb7c y\u00eau c\u1ea7u t\u1eeb c\u01a1 quan ch\u1ee9c n\u0103ng<\/li>\n<\/ul>\n<h2 data-section-id=\"hmtddb\" data-start=\"5047\" data-end=\"5073\">11. Thay \u0111\u1ed5i \u0111i\u1ec1u kho\u1ea3n<\/h2>\n<p data-start=\"5075\" data-end=\"5187\">Ch\u00fang t\u00f4i c\u00f3 th\u1ec3 c\u1eadp nh\u1eadt \u0111i\u1ec1u kho\u1ea3n d\u1ecbch v\u1ee5 n\u00e0y khi c\u1ea7n thi\u1ebft. Phi\u00ean b\u1ea3n m\u1edbi nh\u1ea5t s\u1ebd \u0111\u01b0\u1ee3c c\u00f4ng b\u1ed1 tr\u00ean website.<\/p>\n<p data-start=\"5189\" data-end=\"5315\">Vi\u1ec7c ti\u1ebfp t\u1ee5c s\u1eed d\u1ee5ng d\u1ecbch v\u1ee5 sau khi \u0111i\u1ec1u kho\u1ea3n \u0111\u01b0\u1ee3c c\u1eadp nh\u1eadt \u0111\u1ed3ng ngh\u0129a v\u1edbi vi\u1ec7c ng\u01b0\u1eddi d\u00f9ng \u0111\u1ed3ng \u00fd v\u1edbi n\u1ed9i dung \u0111\u00e3 thay \u0111\u1ed5i.<\/p>\n<h2 data-section-id=\"1b621m2\" data-start=\"5317\" data-end=\"5361\">12. Lu\u1eadt \u00e1p d\u1ee5ng v\u00e0 gi\u1ea3i quy\u1ebft tranh ch\u1ea5p<\/h2>\n<p data-start=\"5363\" data-end=\"5418\">\u0110i\u1ec1u kho\u1ea3n n\u00e0y \u0111\u01b0\u1ee3c \u0111i\u1ec1u ch\u1ec9nh theo ph\u00e1p lu\u1eadt Nh\u1eadt B\u1ea3n.<\/p>\n<p data-start=\"5420\" data-end=\"5634\">Trong tr\u01b0\u1eddng h\u1ee3p ph\u00e1t sinh tranh ch\u1ea5p, c\u00e1c b\u00ean s\u1ebd \u01b0u ti\u00ean gi\u1ea3i quy\u1ebft th\u00f4ng qua th\u01b0\u01a1ng l\u01b0\u1ee3ng. N\u1ebfu kh\u00f4ng th\u1ec3 th\u01b0\u01a1ng l\u01b0\u1ee3ng, tranh ch\u1ea5p s\u1ebd \u0111\u01b0\u1ee3c gi\u1ea3i quy\u1ebft t\u1ea1i c\u01a1 quan c\u00f3 th\u1ea9m quy\u1ec1n theo quy \u0111\u1ecbnh c\u1ee7a ph\u00e1p lu\u1eadt Nh\u1eadt B\u1ea3n.<\/p>\n<h2 data-section-id=\"7wkkyv\" data-start=\"5636\" data-end=\"5650\">13. Li\u00ean h\u1ec7<\/h2>\n<p data-start=\"5652\" data-end=\"5714\">M\u1ecdi c\u00e2u h\u1ecfi li\u00ean quan \u0111\u1ebfn \u0111i\u1ec1u kho\u1ea3n d\u1ecbch v\u1ee5 vui l\u00f2ng li\u00ean h\u1ec7:<\/p>\n<div class=\"relative w-full mt-4 mb-1\">\n<div class=\"\">\n<div class=\"relative\">\n<div class=\"h-full min-h-0 min-w-0\">\n<div class=\"h-full min-h-0 min-w-0\">\n<div class=\"border border-token-border-light border-radius-3xl corner-superellipse\/1.1 rounded-3xl\">\n<div class=\"h-full w-full border-radius-3xl bg-token-bg-elevated-secondary corner-superellipse\/1.1 overflow-clip rounded-3xl lxnfua_clipPathFallback\">\n<div class=\"pointer-events-none absolute end-1.5 top-1 z-2 md:end-2 md:top-1\"><\/div>\n<div class=\"relative\">\n<div class=\"pe-11 pt-3\">\n<div class=\"relative z-0 flex max-w-full\">\n<div id=\"code-block-viewer\" class=\"q9tKkq_viewer cm-editor z-10 light:cm-light dark:cm-light flex h-full w-full flex-col items-stretch \u037cd \u037cr\" dir=\"ltr\">\n<div class=\"cm-scroller\">\n<pre class=\"cm-content q9tKkq_readonly m-0\"><code>T\u00ean \u0111\u01a1n v\u1ecb: S\u1ea2N PH\u1ea8M VI\u1ec6T \/ H\u01af\u01a0NG VI\u1ec6T\r\nEmail: info@huongvietjp.com\r\nWebsite: https:\/\/huongvietjp.com\r\n\u0110\u1ecba ch\u1ec9: Japan<\/code><\/pre>\n<\/div>\n<\/div>\n<\/div>\n<\/div>\n<\/div>\n<\/div>\n<\/div>\n<\/div>\n<\/div>\n<\/div>\n<\/div>\n<\/div>","protected":false},"excerpt":{"rendered":"<p>\u0110I\u1ec0U KHO\u1ea2N D\u1ecaCH V\u1ee4 C\u1eadp nh\u1eadt l\u1ea7n cu\u1ed1i: 06\/05\/2026 Ch\u00e0o m [&hellip;]<\/p>\n","protected":false},"author":1,"featured_media":0,"parent":0,"menu_order":0,"comment_status":"closed","ping_status":"closed","template":"","meta":{"footnotes":""},"class_list":["post-1936","page","type-page","status-publish","hentry"],"_links":{"self":[{"href":"https:\/\/banhangnhat.com\/vi\/wp-json\/wp\/v2\/pages\/1936","targetHints":{"allow":["GET"]}}],"collection":[{"href":"https:\/\/banhangnhat.com\/vi\/wp-json\/wp\/v2\/pages"}],"about":[{"href":"https:\/\/banhangnhat.com\/vi\/wp-json\/wp\/v2\/types\/page"}],"author":[{"embeddable":true,"href":"https:\/\/banhangnhat.com\/vi\/wp-json\/wp\/v2\/users\/1"}],"replies":[{"embeddable":true,"href":"https:\/\/banhangnhat.com\/vi\/wp-json\/wp\/v2\/comments?post=1936"}],"version-history":[{"count":1,"href":"https:\/\/banhangnhat.com\/vi\/wp-json\/wp\/v2\/pages\/1936\/revisions"}],"predecessor-version":[{"id":1937,"href":"https:\/\/banhangnhat.com\/vi\/wp-json\/wp\/v2\/pages\/1936\/revisions\/1937"}],"wp:attachment":[{"href":"https:\/\/banhangnhat.com\/vi\/wp-json\/wp\/v2\/media?parent=1936"}],"curies":[{"name":"wp","href":"https:\/\/api.w.org\/{rel}","templated":true}]}}