{"id":37,"date":"2016-07-21T20:37:09","date_gmt":"2016-07-21T20:37:09","guid":{"rendered":"http:\/\/cristiano.ukrdevs.com\/?page_id=37"},"modified":"2023-06-24T00:34:02","modified_gmt":"2023-06-23T15:34:02","slug":"reservation","status":"publish","type":"page","link":"https:\/\/banhangnhat.com\/vi\/reservation\/","title":{"rendered":"\u0110\u1eb7t B\u00e0n"},"content":{"rendered":"<p>\u3054\u4e88\u7d04\u306f\u3053\u3061\u3089\u306b\u306a\u308a\u307e\u3059\u3002<\/p>\n<span class=\"glf-button-default glf-button \" style='background-color:#ef8b17; color:#FFFFFF !important; font-weight:bold; font-size:18px; padding:15px; border-radius:3px; font-family:\"Arial\", sans-serif; '  data-glf-cuid=\"\" data-glf-ruid=\"3aa5c846-46cd-4e7b-b26d-83c67885876c\"  data-location=\"3aa5c846-46cd-4e7b-b26d-83c67885876c\">Xem MENU & \u0110\u1eb7t M\u00f3n<\/span><script src=\"https:\/\/www.fbgcdn.com\/embedder\/js\/ewm2.js\" defer async ><\/script><style> .glf-ordering-location > span{display:none;} <\/style>\n<span class=\"glf-button-default glf-button reservation\" style='background-color:#334f66; color:#FFFFFF !important; font-weight:bold; font-size:18px; padding:15px; border-radius:3px; font-family:\"Arial\", sans-serif; '  data-glf-cuid=\"\" data-glf-ruid=\"3aa5c846-46cd-4e7b-b26d-83c67885876c\" data-glf-reservation=\"true\" data-location=\"3aa5c846-46cd-4e7b-b26d-83c67885876c\">\u0110\u1eb7t B\u00e0n & Ph\u00f2ng H\u00e1t<\/span><script src=\"https:\/\/www.fbgcdn.com\/embedder\/js\/ewm2.js\" defer async ><\/script><style> .glf-reservations-location > span{display:none;} <\/style>\n<div class=\"glf-mor-restaurant-menu-wrapper\"><div class=\"glf-mor-restaurant-menu-category\"><h3>B\u00c1NH M\u1ef2 \u30d9\u30c8\u30ca\u30e0\u30d1\u30f3<div class=\"glf-mor-restaurant-menu-category-description\">\u30d0\u30a4\u30f3\u30df\u30fc\u3068\u306f\u3001\u30d9\u30c8\u30ca\u30e0\u3067\u306f\u30d1\u30f3\u3068\u3044\u3046\u610f\u5473\u3002\u67d4\u3089\u304b\u3081\u306e\u5c0f\u3055\u306a\u30d5\u30e9\u30f3\u30b9\u30d1\u30f3\u306b\u5177\u3092\u631f\u3093\u3060\u30b5\u30f3\u30c9\u30a4\u30c3\u30c1\u306e\u3053\u3068\u3002\u30d9\u30c8\u30ca\u30e0\u3067\u306f\u4e00\u822c\u7684\u306b\u30d1\u30f3\u306b\u30ec\u30d0\u30fc\u30da\u30fc\u30b9\u30c8\u3092\u5857\u3063\u3066\u3001\u30c1\u30e3\u30fc\u30b7\u30e5\u30fc\u3084\u30d1\u30c6\u3001\u30c0\u30a4\u30b3\u30f3\u3084\u30cb\u30f3\u30b8\u30f3\uff08\u7518\u9162\u6f2c\u3051\u306e\u306a\u307e\u3059\uff09\u3001\u30ec\u30bf\u30b9\u3001\u304d\u3085\u3046\u308a\u306a\u3069\u306e\u91ce\u83dc\u3001\u305d\u3057\u3066\u30d1\u30af\u30c1\u30fc\u3001\u30df\u30f3\u30c8\u306a\u3093\u304b\u3092\u631f\u3093\u3067\u5927\u304d\u306a\u53e3\u3092\u958b\u3051\u3066\u3001\u305d\u306e<\/div><\/h3><hr>\n\n                            <div class=\"glf-mor-restaurant-menu-item\"><div class=\"glf-mor-restaurant-menu-item-inner\"><picture>\n                                            <img decoding=\"async\" class=\"\" alt=\"B\u00e1nh M\u1ef3 Pate tr\u01b0\u0301ng \u5375\u30da\u30fc\u30b9\u30c8\u30d0\u30a4\u30f3\u30df\" src=\"https:\/\/www.fbgcdn.com\/pictures\/af984b2c-3669-4bac-b4e7-bf5d8b623e45.jpg\">\n                                        <\/picture>\n                            <div style=\"width: 100%\">\n                                <div class=\"glf-mor-restaurant-menu-item-header\"><h5 class=\"glf-mor-restaurant-menu-item-name\">B\u00e1nh M\u1ef3 Pate tr\u01b0\u0301ng \u5375\u30da\u30fc\u30b9\u30c8\u30d0\u30a4\u30f3\u30df<\/h5><div class=\"glf-mor-restaurant-menu-item-price\" data-price=\"620\" data-currency=\"JPY\" data-decimals=\"0\"><span class=\"price\">620 JPY<\/span><\/div>\n                                <\/div>\n                                <div class=\"glf-mor-restaurant-menu-item-description\">\u76ee\u7389\u713c\u304d\u30fb\u30ec\u30d0\u30fc\u30d1\u30c6\u30fb\u81ea\u5bb6\u88fd\u30de\u30e8\u30cd\u30fc\u30ba\u30fb\u30c1\u30ea\u30bd\u30fc\u30b9\u30fb\u306a\u307e\u3059\u30fb\u304d\u3085\u3046\u308a\u30fb\u5c0f\u306d\u304e\u30fb\u30d1\u30af\u30c1\u30fc\n\n\u30c8\u30c3\u30d4\u30f3\u30b0\n\u30d1\u30af\u30c1\u30fc\u3001\u306a\u307e\u3059\u3001\u30ec\u30d0\u30fc\u30d1\u30c6\u3000\u5404\u7a2e +55\u5186(\u7a0e\u8fbc)\n\u8c5a\u8089\u3001\u30d9\u30c8\u30ca\u30e0\u30cf\u30e0\u3001\u76ee\u7389\u713c\u304d\u3000\u5404\u7a2e+110\u5186(\u7a0e\u8fbc)<\/div>\n                            <\/div>\n                        <\/div><\/div><hr>\n\n                            <div class=\"glf-mor-restaurant-menu-item\"><div class=\"glf-mor-restaurant-menu-item-inner\"><picture>\n                                            <img decoding=\"async\" class=\"\" alt=\"B\u00e1nh M\u1ef3 X\u00e1 X\u00edu \u8c5a\u30d0\u30e9\u9999\u8f9b\u6599\u713c\u304d\u30d0\u30a4\u30f3\u30df\" src=\"https:\/\/www.fbgcdn.com\/pictures\/cfeb04a9-bb6c-416e-bc78-5042d9b14ce0.jpg\">\n                                        <\/picture>\n                            <div style=\"width: 100%\">\n                                <div class=\"glf-mor-restaurant-menu-item-header\"><h5 class=\"glf-mor-restaurant-menu-item-name\">B\u00e1nh M\u1ef3 X\u00e1 X\u00edu \u8c5a\u30d0\u30e9\u9999\u8f9b\u6599\u713c\u304d\u30d0\u30a4\u30f3\u30df<\/h5><div class=\"glf-mor-restaurant-menu-item-price\" data-price=\"620\" data-currency=\"JPY\" data-decimals=\"0\"><span class=\"price\">620 JPY<\/span><\/div>\n                                <\/div>\n                                <div class=\"glf-mor-restaurant-menu-item-description\">\u8c5a\u30d0\u30e9\u9999\u8f9b\u6599\u713c\u304d\u30fb\u30ec\u30d0\u30fc\u30d1\u30c6\u30fb\u81ea\u5bb6\u88fd\u30de\u30e8\u30cd\u30fc\u30ba\u30fb\u30c1\u30ea\u30bd\u30fc\u30b9\u30fb\u30b0\u30ea\u30eb\u30bd\u30fc\u30b9\u30fb\u306a\u307e\u3059\u30fb\u304d\u3085\u3046\u308a\u30fb\u5c0f\u306d\u304e\u30fb\u30d1\u30af\u30c1\u30fc\n\n\u30c8\u30c3\u30d4\u30f3\u30b0\n\u30d1\u30af\u30c1\u30fc\u3001\u306a\u307e\u3059\u3001\u30ec\u30d0\u30fc\u30d1\u30c6\u3000\u5404\u7a2e +55\u5186\uff08\u7a0e\u8fbc\uff09\n\u8c5a\u8089\u3001\u30d9\u30c8\u30ca\u30e0\u30cf\u30e0\u3001\u76ee\u7389\u713c\u304d\u3000\u3000\u5404\u7a2e +110\u5186(\u7a0e\u8fbc)<\/div>\n                            <\/div>\n                        <\/div><\/div><hr>\n\n                            <div class=\"glf-mor-restaurant-menu-item\"><div class=\"glf-mor-restaurant-menu-item-inner\"><picture>\n                                            <img decoding=\"async\" class=\"\" alt=\"B\u00e1nh M\u1ef3 Th\u1ecbt N\u01b0\u1edbng \u713c\u8089\u30d0\u30a4\u30f3\u30df\u30fc\" src=\"https:\/\/www.fbgcdn.com\/pictures\/b4b6e344-a7a7-4f09-8bf9-d516cbc536b1.jpg\">\n                                        <\/picture>\n                            <div style=\"width: 100%\">\n                                <div class=\"glf-mor-restaurant-menu-item-header\"><h5 class=\"glf-mor-restaurant-menu-item-name\">B\u00e1nh M\u1ef3 Th\u1ecbt N\u01b0\u1edbng \u713c\u8089\u30d0\u30a4\u30f3\u30df\u30fc<\/h5><div class=\"glf-mor-restaurant-menu-item-price\" data-price=\"620\" data-currency=\"JPY\" data-decimals=\"0\"><span class=\"price\">620 JPY<\/span><\/div>\n                                <\/div>\n                                <div class=\"glf-mor-restaurant-menu-item-description\">\u8c5a\u8089\u30fb\u30ec\u30d0\u30fc\u30d1\u30c6\u30fb\u81ea\u5bb6\u88fd\u30de\u30e8\u30cd\u30fc\u30ba\u30fb\u30c1\u30ea\u30bd\u30fc\u30b9\u30fb\u30b0\u30ea\u30eb\u30bd\u30fc\u30b9\u30fb\u306a\u307e\u3059\u30fb\u304d\u3085\u3046\u308a\u30fb\u5c0f\u306d\u304e\u30fb\u30d1\u30af\u30c1\u30fc\n\n\u30c8\u30c3\u30d4\u30f3\u30b0\n\u30d1\u30af\u30c1\u30fc\u3001\u306a\u307e\u3059\u3001\u30ec\u30d0\u30fc\u30d1\u30c6\u3000\u5404\u7a2e +55\u5186\uff08\u7a0e\u8fbc\uff09\n\u8c5a\u8089\u3001\u30d9\u30c8\u30ca\u30e0\u30cf\u30e0\u3001\u76ee\u7389\u713c\u304d\u3000\u3000\u5404\u7a2e +110\u5186(\u7a0e\u8fbc)<\/div>\n                            <\/div>\n                        <\/div><\/div><hr>\n\n                            <div class=\"glf-mor-restaurant-menu-item\"><div class=\"glf-mor-restaurant-menu-item-inner\"><picture>\n                                            <img decoding=\"async\" class=\"\" alt=\"B\u00e1nh M\u1ef3 Ch\u1ea3 Gi\u00f2 \u30d9\u30c8\u30ca\u30e0\u30cf\u30e0\u30d0\u30a4\u30f3\u30df\u30fc\" src=\"https:\/\/www.fbgcdn.com\/pictures\/86240890-5376-4604-b445-2a1e1a7747e8.jpg\">\n                                        <\/picture>\n                            <div style=\"width: 100%\">\n                                <div class=\"glf-mor-restaurant-menu-item-header\"><h5 class=\"glf-mor-restaurant-menu-item-name\">B\u00e1nh M\u1ef3 Ch\u1ea3 Gi\u00f2 \u30d9\u30c8\u30ca\u30e0\u30cf\u30e0\u30d0\u30a4\u30f3\u30df\u30fc<\/h5><div class=\"glf-mor-restaurant-menu-item-price\" data-price=\"620\" data-currency=\"JPY\" data-decimals=\"0\"><span class=\"price\">620 JPY<\/span><\/div>\n                                <\/div>\n                                <div class=\"glf-mor-restaurant-menu-item-description\">\u30d9\u30c8\u30ca\u30e0\u30cf\u30e0\u30fb\u30ec\u30d0\u30fc\u30d1\u30c6\u30fb\u81ea\u5bb6\u88fd\u30de\u30e8\u30cd\u30fc\u30ba\u30fb\u30c1\u30ea\u30bd\u30fc\u30b9\u30fb\u306a\u307e\u3059\u30fb\u304d\u3085\u3046\u308a\u30fb\u5c0f\u306d\u304e\u30fb\u30d1\u30af\u30c1\u30fc\n\n\u30c8\u30c3\u30d4\u30f3\u30b0\n\u30d1\u30af\u30c1\u30fc\u3001\u306a\u307e\u3059\u3001\u30ec\u30d0\u30fc\u30d1\u30c6\u3000\u5404\u7a2e +55\u5186(\u7a0e\u8fbc)\n\u8c5a\u8089\u3001\u30d9\u30c8\u30ca\u30e0\u30cf\u30e0\u3001\u76ee\u7389\u713c\u304d\u3000\u3000\u5404\u7a2e+110\u5186(\u7a0e\u8fbc)<\/div>\n                            <\/div>\n                        <\/div><\/div><hr>\n\n                            <div class=\"glf-mor-restaurant-menu-item\"><div class=\"glf-mor-restaurant-menu-item-inner\"><picture>\n                                            <img decoding=\"async\" class=\"\" alt=\"B\u00e1nh M\u1ef3 Th\u1eadp C\u1ea9m \u30df\u30c3\u30af\u30b9\u30d0\u30a4\u30f3\u30df\u30fc\" src=\"https:\/\/www.fbgcdn.com\/pictures\/76413fc9-c9bf-4f04-a87d-11d7941242a6.jpg\">\n                                        <\/picture>\n                            <div style=\"width: 100%\">\n                                <div class=\"glf-mor-restaurant-menu-item-header\"><h5 class=\"glf-mor-restaurant-menu-item-name\">B\u00e1nh M\u1ef3 Th\u1eadp C\u1ea9m \u30df\u30c3\u30af\u30b9\u30d0\u30a4\u30f3\u30df\u30fc<\/h5><div class=\"glf-mor-restaurant-menu-item-price\" data-price=\"720\" data-currency=\"JPY\" data-decimals=\"0\"><span class=\"price\">720 JPY<\/span><\/div>\n                                <\/div>\n                                <div class=\"glf-mor-restaurant-menu-item-description\">\u8c5a\u8089\u30fb\u30d9\u30c8\u30ca\u30e0\u30cf\u30e0\u30fb\u30ec\u30d0\u30fc\u30d1\u30c6\u30fb\u81ea\u5bb6\u88fd\u30de\u30e8\u30cd\u30fc\u30ba\u30fb\u30c1\u30ea\u30bd\u30fc\u30b9\u30fb\u306a\u307e\u3059\u30fb\u304d\u3085\u3046\u308a\u30fb\u5c0f\u306d\u304e\u30fb\u30d1\u30af\u30c1\u30fc\n\n\u30c8\u30c3\u30d4\u30f3\u30b0\n\u30d1\u30af\u30c1\u30fc\u3001\u306a\u307e\u3059\u3001\u30ec\u30d0\u30fc\u30d1\u30c6\u3000\u5404\u7a2e +55\u5186(\u7a0e\u8fbc)\n\u8c5a\u8089\u3001\u30d9\u30c8\u30ca\u30e0\u30cf\u30e0\u3001\u76ee\u7389\u713c\u304d\u3000\u5404\u7a2e+110\u5186(\u7a0e\u8fbc)<\/div>\n                            <\/div>\n                        <\/div><\/div><hr><\/div><div class=\"glf-mor-restaurant-menu-category\"><h3>\u0110\u1ed3 U\u1ed1ng-\u98f2\u307f\u7269-Drinks<\/h3><hr>\n\n                            <div class=\"glf-mor-restaurant-menu-item\"><div class=\"glf-mor-restaurant-menu-item-inner\">\n                            <div style=\"width: 100%\">\n                                <div class=\"glf-mor-restaurant-menu-item-header\"><h5 class=\"glf-mor-restaurant-menu-item-name\">Coffee<\/h5><div class=\"glf-mor-restaurant-menu-item-price\" data-price=\"1.5\" data-currency=\"JPY\" data-decimals=\"0\"><span class=\"price\">1.5 JPY<\/span><\/div>\n                                <\/div>\n                                \n                            <\/div>\n                        <\/div><\/div><hr>\n\n                            <div class=\"glf-mor-restaurant-menu-item\"><div class=\"glf-mor-restaurant-menu-item-inner\">\n                            <div style=\"width: 100%\">\n                                <div class=\"glf-mor-restaurant-menu-item-header\"><h5 class=\"glf-mor-restaurant-menu-item-name\">Lemonade<\/h5><div class=\"glf-mor-restaurant-menu-item-price\" data-price=\"3\" data-currency=\"JPY\" data-decimals=\"0\"><span class=\"price\">3 JPY<\/span><\/div>\n                                <\/div>\n                                \n                            <\/div>\n                        <\/div><\/div><hr>\n\n                            <div class=\"glf-mor-restaurant-menu-item\"><div class=\"glf-mor-restaurant-menu-item-inner\">\n                            <div style=\"width: 100%\">\n                                <div class=\"glf-mor-restaurant-menu-item-header\"><h5 class=\"glf-mor-restaurant-menu-item-name\">Pepsi<\/h5><div class=\"glf-mor-restaurant-menu-item-price\" data-price=\"1.7\" data-currency=\"JPY\" data-decimals=\"0\"><span class=\"price\">1.7 JPY<\/span><\/div>\n                                <\/div>\n                                \n                            <\/div>\n                        <\/div><\/div><hr><\/div><div class=\"glf-mor-restaurant-menu-category\"><h3>B\u00fan Ph\u1edf \u30d6\u30f3\u30fb\u30d5\u30a9\u30fc<\/h3><hr>\n\n                            <div class=\"glf-mor-restaurant-menu-item\"><div class=\"glf-mor-restaurant-menu-item-inner\">\n                            <div style=\"width: 100%\">\n                                <div class=\"glf-mor-restaurant-menu-item-header\"><h5 class=\"glf-mor-restaurant-menu-item-name\">Spring Rolls<\/h5><div class=\"glf-mor-restaurant-menu-item-price\" data-price=\"2.5\" data-currency=\"JPY\" data-decimals=\"0\"><span class=\"from\">From<\/span><span class=\"price\">2.5 JPY<\/span><\/div>\n                                <\/div>\n                                \n                            <\/div>\n                        <\/div><\/div><hr>\n\n                            <div class=\"glf-mor-restaurant-menu-item\"><div class=\"glf-mor-restaurant-menu-item-inner\">\n                            <div style=\"width: 100%\">\n                                <div class=\"glf-mor-restaurant-menu-item-header\"><h5 class=\"glf-mor-restaurant-menu-item-name\">Rice<\/h5><div class=\"glf-mor-restaurant-menu-item-price\" data-price=\"2\" data-currency=\"JPY\" data-decimals=\"0\"><span class=\"price\">2 JPY<\/span><\/div>\n                                <\/div>\n                                \n                            <\/div>\n                        <\/div><\/div><hr><\/div><\/div>\n            <script type=\"text\/javascript\">\n                document.addEventListener( \"DOMContentLoaded\", function ( event ) {\n                if (typeof jQuery != \"undefined\") {\n                    jQuery(document).ready(function() {\n                           jQuery(\".glf-mor-restaurant-menu-item-price\").each(function() {\n                                const el=jQuery(this);\n                                const el_Price=jQuery(this).find(\"> span.price\");\n                                const price=parseFloat(el.data(\"price\"));\n                                const currency= el.data(\"currency\")\n                                const numberOfDigits = parseInt( el.data(\"decimals\") );\n                                const localeStringOptions = {\n                                    style:\"currency\",\n                                    currency: currency,\n                                    minimumFractionDigits: numberOfDigits,\n                                    maximumFractionDigits: numberOfDigits                                    \n                                }; \n                                el_Price.html(price.toLocaleString('ja', localeStringOptions))\n                            });\n                       });\n                    }\n                });\n            <\/script>\n<div id class=\"glf-widget-promotions\"><div class=\"glf-promotions-list type-grid\"><div class=\"glf-promotion-deal\"><div class=\"deal-background\" style=\"background-image:url(https:\/\/www.fbgcdn.com\/websites\/img\/promotion_default_pizza.jpg);\"><\/div><div class=\"deal-details\"><div class=\"details-text\"><h3 class=\"deal-title\">Free delivery<\/h3><div class=\"deal-description\"><p><\/p><\/div><\/div><\/div><\/div><\/div><\/div >\n<div class=\"glf-widget-opening-hours\">\n                            <div class=\"wood-background\" lazy-style=\"background-image: url(https:\/\/banhangnhat.com\/wp-content\/plugins\/menu-ordering-reservations\/assets\/images\/wood2.png)\" style=\"background-image: url(https:\/\/banhangnhat.com\/wp-content\/plugins\/menu-ordering-reservations\/assets\/images\/wood2.png)\"><\/div> \n                            <div class=\"wood-border-1\"><\/div> \n                            <div class=\"wood-border-2\"><\/div>\n                            <div id=\"glf-opening-data\" style=\"display: none;\"><span class=\"types\">{&quot;opening&quot;:&quot;Opening Hours&quot;,&quot;pickup&quot;:&quot;Pickup Service&quot;,&quot;delivery&quot;:&quot;Delivery Service&quot;,&quot;reservation&quot;:&quot;Reservations&quot;,&quot;preserve&quot;:&quot;Table Reservations&quot;}<\/span><span class=\"hours\">{&quot;opening&quot;:[{&quot;created_at&quot;:&quot;2023-06-01T03:45:03.000Z&quot;,&quot;updated_at&quot;:&quot;2023-06-01T03:45:03.000Z&quot;,&quot;id&quot;:862589,&quot;type&quot;:&quot;opening&quot;,&quot;day_of_week&quot;:125,&quot;begin_minute&quot;:660,&quot;end_minute&quot;:1320,&quot;createdAt&quot;:&quot;2023-06-01T03:45:03.000Z&quot;,&quot;updatedAt&quot;:&quot;2023-06-01T03:45:03.000Z&quot;,&quot;restaurant_id&quot;:446181}]}<\/span><span class=\"country\">JP<\/span><span class=\"days\">[&quot;Monday&quot;,&quot;Tuesday&quot;,&quot;Wednesday&quot;,&quot;Thursday&quot;,&quot;Friday&quot;,&quot;Saturday&quot;,&quot;Sunday&quot;]<\/span><\/div>\n                            <div class=\"content\" >\n                            <\/div >\n                        <\/div >\n","protected":false},"excerpt":{"rendered":"<p>\u0110\u1eb7t b\u00e0n v\u00e0 G\u1ecdi m\u00f3n xin qu\u00fd kh\u00e1ch ch\u1ecdn m\u1ee5c b\u00ean d\u01b0\u1edbi \u0111\u00e2y<\/p>","protected":false},"author":1,"featured_media":0,"parent":0,"menu_order":-7,"comment_status":"closed","ping_status":"closed","template":"","meta":{"footnotes":""},"class_list":["post-37","page","type-page","status-publish","hentry"],"_links":{"self":[{"href":"https:\/\/banhangnhat.com\/vi\/wp-json\/wp\/v2\/pages\/37","targetHints":{"allow":["GET"]}}],"collection":[{"href":"https:\/\/banhangnhat.com\/vi\/wp-json\/wp\/v2\/pages"}],"about":[{"href":"https:\/\/banhangnhat.com\/vi\/wp-json\/wp\/v2\/types\/page"}],"author":[{"embeddable":true,"href":"https:\/\/banhangnhat.com\/vi\/wp-json\/wp\/v2\/users\/1"}],"replies":[{"embeddable":true,"href":"https:\/\/banhangnhat.com\/vi\/wp-json\/wp\/v2\/comments?post=37"}],"version-history":[{"count":1,"href":"https:\/\/banhangnhat.com\/vi\/wp-json\/wp\/v2\/pages\/37\/revisions"}],"predecessor-version":[{"id":935,"href":"https:\/\/banhangnhat.com\/vi\/wp-json\/wp\/v2\/pages\/37\/revisions\/935"}],"wp:attachment":[{"href":"https:\/\/banhangnhat.com\/vi\/wp-json\/wp\/v2\/media?parent=37"}],"curies":[{"name":"wp","href":"https:\/\/api.w.org\/{rel}","templated":true}]}}