{"id":1025,"date":"2023-08-19T12:24:37","date_gmt":"2023-08-19T03:24:37","guid":{"rendered":"https:\/\/huongvietjp.com\/?post_type=product&#038;p=1025"},"modified":"2023-08-19T12:24:37","modified_gmt":"2023-08-19T03:24:37","slug":"my-tom-xao-bo-hoac-hai-san-%e7%89%9b%e8%82%89%e7%82%92%e3%82%81%e3%83%a9%e3%83%bc%e3%83%a1%e3%83%b3%e6%b5%b7%e9%ae%ae%e7%82%92%e3%82%81%e3%83%a9%e3%83%bc%e3%83%a1%e3%83%b3","status":"publish","type":"product","link":"https:\/\/banhangnhat.com\/vi\/san-pham\/my-tom-xao-bo-hoac-hai-san-%e7%89%9b%e8%82%89%e7%82%92%e3%82%81%e3%83%a9%e3%83%bc%e3%83%a1%e3%83%b3%e6%b5%b7%e9%ae%ae%e7%82%92%e3%82%81%e3%83%a9%e3%83%bc%e3%83%a1%e3%83%b3\/","title":{"rendered":"M\u1ef3 t\u00f4m x\u00e0o b\u00f2 (ho\u1eb7c H\u1ea3i s\u1ea3n) \u725b\u8089\u7092\u3081\u30e9\u30fc\u30e1\u30f3(\u6d77\u9bae\u7092\u3081\u30e9\u30fc\u30e1\u30f3)"},"content":{"rendered":"<p><img loading=\"lazy\" decoding=\"async\" class=\"alignnone size-full wp-image-1026\" src=\"https:\/\/huongvietjp.com\/wp-content\/uploads\/2023\/08\/Anh-chup-man-hinh-2023-07-24-132333.jpg\" alt=\"\" width=\"388\" height=\"273\" data-wp-pid=\"1026\" srcset=\"https:\/\/banhangnhat.com\/wp-content\/uploads\/2023\/08\/Anh-chup-man-hinh-2023-07-24-132333.jpg 388w, https:\/\/banhangnhat.com\/wp-content\/uploads\/2023\/08\/Anh-chup-man-hinh-2023-07-24-132333-18x12.jpg 18w\" sizes=\"auto, (max-width: 388px) 100vw, 388px\" \/><\/p>","protected":false},"excerpt":{"rendered":"","protected":false},"featured_media":1026,"comment_status":"open","ping_status":"closed","template":"","meta":[],"product_brand":[],"product_cat":[15],"product_tag":[],"class_list":{"0":"post-1025","1":"product","2":"type-product","3":"status-publish","4":"has-post-thumbnail","6":"product_cat-uncategorized","8":"first","9":"instock","10":"shipping-taxable","11":"purchasable","12":"product-type-simple"},"_links":{"self":[{"href":"https:\/\/banhangnhat.com\/vi\/wp-json\/wp\/v2\/product\/1025","targetHints":{"allow":["GET"]}}],"collection":[{"href":"https:\/\/banhangnhat.com\/vi\/wp-json\/wp\/v2\/product"}],"about":[{"href":"https:\/\/banhangnhat.com\/vi\/wp-json\/wp\/v2\/types\/product"}],"replies":[{"embeddable":true,"href":"https:\/\/banhangnhat.com\/vi\/wp-json\/wp\/v2\/comments?post=1025"}],"wp:featuredmedia":[{"embeddable":true,"href":"https:\/\/banhangnhat.com\/vi\/wp-json\/wp\/v2\/media\/1026"}],"wp:attachment":[{"href":"https:\/\/banhangnhat.com\/vi\/wp-json\/wp\/v2\/media?parent=1025"}],"wp:term":[{"taxonomy":"product_brand","embeddable":true,"href":"https:\/\/banhangnhat.com\/vi\/wp-json\/wp\/v2\/product_brand?post=1025"},{"taxonomy":"product_cat","embeddable":true,"href":"https:\/\/banhangnhat.com\/vi\/wp-json\/wp\/v2\/product_cat?post=1025"},{"taxonomy":"product_tag","embeddable":true,"href":"https:\/\/banhangnhat.com\/vi\/wp-json\/wp\/v2\/product_tag?post=1025"}],"curies":[{"name":"wp","href":"https:\/\/api.w.org\/{rel}","templated":true}]}}