{"id":1057,"date":"2023-08-19T13:18:00","date_gmt":"2023-08-19T04:18:00","guid":{"rendered":"https:\/\/huongvietjp.com\/?post_type=product&#038;p=1057"},"modified":"2023-08-19T13:18:00","modified_gmt":"2023-08-19T04:18:00","slug":"tom-chien-xu%e3%80%80%ef%bc%88%e3%82%a8%e3%83%93%e3%83%95%e3%83%a9%e3%82%a4%ef%bc%89","status":"publish","type":"product","link":"https:\/\/banhangnhat.com\/vi\/san-pham\/tom-chien-xu%e3%80%80%ef%bc%88%e3%82%a8%e3%83%93%e3%83%95%e3%83%a9%e3%82%a4%ef%bc%89\/","title":{"rendered":"T\u00f4m chi\u00ean x\u00f9\u3000\uff08\u30a8\u30d3\u30d5\u30e9\u30a4\uff09"},"content":{"rendered":"<p><img loading=\"lazy\" decoding=\"async\" class=\"alignnone size-full wp-image-1058\" src=\"https:\/\/huongvietjp.com\/wp-content\/uploads\/2023\/08\/tom-chien-xu.jpg\" alt=\"\" width=\"521\" height=\"332\" data-wp-pid=\"1058\" srcset=\"https:\/\/banhangnhat.com\/wp-content\/uploads\/2023\/08\/tom-chien-xu.jpg 521w, https:\/\/banhangnhat.com\/wp-content\/uploads\/2023\/08\/tom-chien-xu-18x12.jpg 18w\" sizes=\"auto, (max-width: 521px) 100vw, 521px\" \/><\/p>","protected":false},"excerpt":{"rendered":"","protected":false},"featured_media":1058,"comment_status":"open","ping_status":"closed","template":"","meta":[],"product_brand":[],"product_cat":[38],"product_tag":[],"class_list":{"0":"post-1057","1":"product","2":"type-product","3":"status-publish","4":"has-post-thumbnail","6":"product_cat-haisan-seafood","8":"first","9":"instock","10":"shipping-taxable","11":"purchasable","12":"product-type-simple"},"_links":{"self":[{"href":"https:\/\/banhangnhat.com\/vi\/wp-json\/wp\/v2\/product\/1057","targetHints":{"allow":["GET"]}}],"collection":[{"href":"https:\/\/banhangnhat.com\/vi\/wp-json\/wp\/v2\/product"}],"about":[{"href":"https:\/\/banhangnhat.com\/vi\/wp-json\/wp\/v2\/types\/product"}],"replies":[{"embeddable":true,"href":"https:\/\/banhangnhat.com\/vi\/wp-json\/wp\/v2\/comments?post=1057"}],"wp:featuredmedia":[{"embeddable":true,"href":"https:\/\/banhangnhat.com\/vi\/wp-json\/wp\/v2\/media\/1058"}],"wp:attachment":[{"href":"https:\/\/banhangnhat.com\/vi\/wp-json\/wp\/v2\/media?parent=1057"}],"wp:term":[{"taxonomy":"product_brand","embeddable":true,"href":"https:\/\/banhangnhat.com\/vi\/wp-json\/wp\/v2\/product_brand?post=1057"},{"taxonomy":"product_cat","embeddable":true,"href":"https:\/\/banhangnhat.com\/vi\/wp-json\/wp\/v2\/product_cat?post=1057"},{"taxonomy":"product_tag","embeddable":true,"href":"https:\/\/banhangnhat.com\/vi\/wp-json\/wp\/v2\/product_tag?post=1057"}],"curies":[{"name":"wp","href":"https:\/\/api.w.org\/{rel}","templated":true}]}}