{"id":1084,"date":"2023-08-19T15:12:04","date_gmt":"2023-08-19T06:12:04","guid":{"rendered":"https:\/\/huongvietjp.com\/?post_type=product&#038;p=1084"},"modified":"2023-08-19T15:12:04","modified_gmt":"2023-08-19T06:12:04","slug":"ca-phi-le-chien-xu%e3%80%80%ef%bc%88%e3%83%95%e3%82%a3%e3%83%ac%e9%ad%9a%e3%83%95%e3%83%a9%e3%82%a4%ef%bc%89","status":"publish","type":"product","link":"https:\/\/banhangnhat.com\/vi\/san-pham\/ca-phi-le-chien-xu%e3%80%80%ef%bc%88%e3%83%95%e3%82%a3%e3%83%ac%e9%ad%9a%e3%83%95%e3%83%a9%e3%82%a4%ef%bc%89\/","title":{"rendered":"C\u00e1 phi l\u00ea chi\u00ean x\u00f9\u3000\uff08\u30d5\u30a3\u30ec\u9b5a\u30d5\u30e9\u30a4\uff09"},"content":{"rendered":"<p><img loading=\"lazy\" decoding=\"async\" class=\"alignnone size-full wp-image-1085\" src=\"https:\/\/huongvietjp.com\/wp-content\/uploads\/2023\/08\/ca-phi-le-chien-xu.jpg\" alt=\"\" width=\"577\" height=\"346\" data-wp-pid=\"1085\" srcset=\"https:\/\/banhangnhat.com\/wp-content\/uploads\/2023\/08\/ca-phi-le-chien-xu.jpg 577w, https:\/\/banhangnhat.com\/wp-content\/uploads\/2023\/08\/ca-phi-le-chien-xu-18x12.jpg 18w\" sizes=\"auto, (max-width: 577px) 100vw, 577px\" \/><\/p>","protected":false},"excerpt":{"rendered":"","protected":false},"featured_media":1085,"comment_status":"open","ping_status":"closed","template":"","meta":[],"product_brand":[],"product_cat":[38],"product_tag":[],"class_list":{"0":"post-1084","1":"product","2":"type-product","3":"status-publish","4":"has-post-thumbnail","6":"product_cat-haisan-seafood","8":"first","9":"instock","10":"shipping-taxable","11":"purchasable","12":"product-type-simple"},"_links":{"self":[{"href":"https:\/\/banhangnhat.com\/vi\/wp-json\/wp\/v2\/product\/1084","targetHints":{"allow":["GET"]}}],"collection":[{"href":"https:\/\/banhangnhat.com\/vi\/wp-json\/wp\/v2\/product"}],"about":[{"href":"https:\/\/banhangnhat.com\/vi\/wp-json\/wp\/v2\/types\/product"}],"replies":[{"embeddable":true,"href":"https:\/\/banhangnhat.com\/vi\/wp-json\/wp\/v2\/comments?post=1084"}],"wp:featuredmedia":[{"embeddable":true,"href":"https:\/\/banhangnhat.com\/vi\/wp-json\/wp\/v2\/media\/1085"}],"wp:attachment":[{"href":"https:\/\/banhangnhat.com\/vi\/wp-json\/wp\/v2\/media?parent=1084"}],"wp:term":[{"taxonomy":"product_brand","embeddable":true,"href":"https:\/\/banhangnhat.com\/vi\/wp-json\/wp\/v2\/product_brand?post=1084"},{"taxonomy":"product_cat","embeddable":true,"href":"https:\/\/banhangnhat.com\/vi\/wp-json\/wp\/v2\/product_cat?post=1084"},{"taxonomy":"product_tag","embeddable":true,"href":"https:\/\/banhangnhat.com\/vi\/wp-json\/wp\/v2\/product_tag?post=1084"}],"curies":[{"name":"wp","href":"https:\/\/api.w.org\/{rel}","templated":true}]}}