{"id":1101,"date":"2023-08-19T15:37:51","date_gmt":"2023-08-19T06:37:51","guid":{"rendered":"https:\/\/huongvietjp.com\/?post_type=product&#038;p=1101"},"modified":"2023-08-19T15:37:51","modified_gmt":"2023-08-19T06:37:51","slug":"canh-ga-chien-mam%e3%80%80%ef%bc%88%e6%89%8b%e7%be%bd%e5%85%88%e6%8f%9a%e3%81%92%ef%bc%89","status":"publish","type":"product","link":"https:\/\/banhangnhat.com\/vi\/san-pham\/canh-ga-chien-mam%e3%80%80%ef%bc%88%e6%89%8b%e7%be%bd%e5%85%88%e6%8f%9a%e3%81%92%ef%bc%89\/","title":{"rendered":"c\u00e1nh g\u00e0 chi\u00ean m\u1eafm\u3000\uff08\u624b\u7fbd\u5148\u63da\u3052\uff09"},"content":{"rendered":"<p><img loading=\"lazy\" decoding=\"async\" class=\"alignnone size-medium wp-image-1103\" src=\"https:\/\/huongvietjp.com\/wp-content\/uploads\/2023\/08\/Canh-ga-chien-mam-675x441.jpg\" alt=\"\" width=\"675\" height=\"441\" data-wp-pid=\"1103\" srcset=\"https:\/\/banhangnhat.com\/wp-content\/uploads\/2023\/08\/Canh-ga-chien-mam-675x441.jpg 675w, https:\/\/banhangnhat.com\/wp-content\/uploads\/2023\/08\/Canh-ga-chien-mam-18x12.jpg 18w, https:\/\/banhangnhat.com\/wp-content\/uploads\/2023\/08\/Canh-ga-chien-mam.jpg 688w\" sizes=\"auto, (max-width: 675px) 100vw, 675px\" \/><\/p>","protected":false},"excerpt":{"rendered":"","protected":false},"featured_media":1103,"comment_status":"open","ping_status":"closed","template":"","meta":[],"product_brand":[],"product_cat":[37],"product_tag":[],"class_list":{"0":"post-1101","1":"product","2":"type-product","3":"status-publish","4":"has-post-thumbnail","6":"product_cat-ech-ga-vit","8":"first","9":"instock","10":"shipping-taxable","11":"purchasable","12":"product-type-simple"},"_links":{"self":[{"href":"https:\/\/banhangnhat.com\/vi\/wp-json\/wp\/v2\/product\/1101","targetHints":{"allow":["GET"]}}],"collection":[{"href":"https:\/\/banhangnhat.com\/vi\/wp-json\/wp\/v2\/product"}],"about":[{"href":"https:\/\/banhangnhat.com\/vi\/wp-json\/wp\/v2\/types\/product"}],"replies":[{"embeddable":true,"href":"https:\/\/banhangnhat.com\/vi\/wp-json\/wp\/v2\/comments?post=1101"}],"wp:featuredmedia":[{"embeddable":true,"href":"https:\/\/banhangnhat.com\/vi\/wp-json\/wp\/v2\/media\/1103"}],"wp:attachment":[{"href":"https:\/\/banhangnhat.com\/vi\/wp-json\/wp\/v2\/media?parent=1101"}],"wp:term":[{"taxonomy":"product_brand","embeddable":true,"href":"https:\/\/banhangnhat.com\/vi\/wp-json\/wp\/v2\/product_brand?post=1101"},{"taxonomy":"product_cat","embeddable":true,"href":"https:\/\/banhangnhat.com\/vi\/wp-json\/wp\/v2\/product_cat?post=1101"},{"taxonomy":"product_tag","embeddable":true,"href":"https:\/\/banhangnhat.com\/vi\/wp-json\/wp\/v2\/product_tag?post=1101"}],"curies":[{"name":"wp","href":"https:\/\/api.w.org\/{rel}","templated":true}]}}