{"id":1144,"date":"2023-08-19T17:01:10","date_gmt":"2023-08-19T08:01:10","guid":{"rendered":"https:\/\/huongvietjp.com\/?post_type=product&#038;p=1144"},"modified":"2023-08-19T18:06:03","modified_gmt":"2023-08-19T09:06:03","slug":"bo-xao-luc-lac%e3%80%80%ef%bc%88%e3%83%99%e3%83%88%e3%83%8a%e3%83%a0%e9%a2%a8%e3%82%b5%e3%82%a4%e3%82%b3%e3%83%ad%e3%82%b9%e3%83%86%e3%83%bc%e3%82%ad%e3%83%95%e3%83%a9%e3%82%a4%e3%83%89%e3%83%9d","status":"publish","type":"product","link":"https:\/\/banhangnhat.com\/vi\/san-pham\/bo-xao-luc-lac%e3%80%80%ef%bc%88%e3%83%99%e3%83%88%e3%83%8a%e3%83%a0%e9%a2%a8%e3%82%b5%e3%82%a4%e3%82%b3%e3%83%ad%e3%82%b9%e3%83%86%e3%83%bc%e3%82%ad%e3%83%95%e3%83%a9%e3%82%a4%e3%83%89%e3%83%9d\/","title":{"rendered":"B\u00f2 x\u00e0o l\u00fac l\u1eafc\u3000\uff08\u30d9\u30c8\u30ca\u30e0\u98a8\u30b5\u30a4\u30b3\u30ed\u30b9\u30c6\u30fc\u30ad\u30d5\u30e9\u30a4\u30c9\u30dd\u30c6\u30c8\u4ed8\uff09"},"content":{"rendered":"<p><img loading=\"lazy\" decoding=\"async\" class=\"alignnone size-full wp-image-1145\" src=\"https:\/\/huongvietjp.com\/wp-content\/uploads\/2023\/08\/bo-xao-luc-lac.jpg\" alt=\"\" width=\"517\" height=\"313\" data-wp-pid=\"1145\" srcset=\"https:\/\/banhangnhat.com\/wp-content\/uploads\/2023\/08\/bo-xao-luc-lac.jpg 517w, https:\/\/banhangnhat.com\/wp-content\/uploads\/2023\/08\/bo-xao-luc-lac-18x12.jpg 18w\" sizes=\"auto, (max-width: 517px) 100vw, 517px\" \/><\/p>","protected":false},"excerpt":{"rendered":"","protected":false},"featured_media":1145,"comment_status":"open","ping_status":"closed","template":"","meta":[],"product_brand":[],"product_cat":[42],"product_tag":[],"class_list":{"0":"post-1144","1":"product","2":"type-product","3":"status-publish","4":"has-post-thumbnail","6":"product_cat-bo-de-heo","8":"first","9":"instock","10":"shipping-taxable","11":"purchasable","12":"product-type-simple"},"_links":{"self":[{"href":"https:\/\/banhangnhat.com\/vi\/wp-json\/wp\/v2\/product\/1144","targetHints":{"allow":["GET"]}}],"collection":[{"href":"https:\/\/banhangnhat.com\/vi\/wp-json\/wp\/v2\/product"}],"about":[{"href":"https:\/\/banhangnhat.com\/vi\/wp-json\/wp\/v2\/types\/product"}],"replies":[{"embeddable":true,"href":"https:\/\/banhangnhat.com\/vi\/wp-json\/wp\/v2\/comments?post=1144"}],"wp:featuredmedia":[{"embeddable":true,"href":"https:\/\/banhangnhat.com\/vi\/wp-json\/wp\/v2\/media\/1145"}],"wp:attachment":[{"href":"https:\/\/banhangnhat.com\/vi\/wp-json\/wp\/v2\/media?parent=1144"}],"wp:term":[{"taxonomy":"product_brand","embeddable":true,"href":"https:\/\/banhangnhat.com\/vi\/wp-json\/wp\/v2\/product_brand?post=1144"},{"taxonomy":"product_cat","embeddable":true,"href":"https:\/\/banhangnhat.com\/vi\/wp-json\/wp\/v2\/product_cat?post=1144"},{"taxonomy":"product_tag","embeddable":true,"href":"https:\/\/banhangnhat.com\/vi\/wp-json\/wp\/v2\/product_tag?post=1144"}],"curies":[{"name":"wp","href":"https:\/\/api.w.org\/{rel}","templated":true}]}}