{"id":1146,"date":"2023-08-19T17:10:06","date_gmt":"2023-08-19T08:10:06","guid":{"rendered":"https:\/\/huongvietjp.com\/?post_type=product&#038;p=1146"},"modified":"2023-08-19T17:10:07","modified_gmt":"2023-08-19T08:10:07","slug":"bo-xao-hanh-nam%e3%80%80%ef%bc%88%e7%89%9b%e8%82%89%e3%81%a8%e3%81%8d%e3%81%ae%e3%81%93%e3%81%a8%e3%83%8d%e3%82%ae%e7%82%92%e3%82%81%ef%bc%89","status":"publish","type":"product","link":"https:\/\/banhangnhat.com\/vi\/san-pham\/bo-xao-hanh-nam%e3%80%80%ef%bc%88%e7%89%9b%e8%82%89%e3%81%a8%e3%81%8d%e3%81%ae%e3%81%93%e3%81%a8%e3%83%8d%e3%82%ae%e7%82%92%e3%82%81%ef%bc%89\/","title":{"rendered":"B\u00f2 x\u00e0o h\u00e0nh n\u1ea5m\u3000\uff08\u725b\u8089\u3068\u304d\u306e\u3053\u3068\u30cd\u30ae\u7092\u3081\uff09"},"content":{"rendered":"<p><img loading=\"lazy\" decoding=\"async\" class=\"alignnone size-full wp-image-1147\" src=\"https:\/\/huongvietjp.com\/wp-content\/uploads\/2023\/08\/bo-xao-hanh-nam.jpg\" alt=\"\" width=\"419\" height=\"277\" data-wp-pid=\"1147\" srcset=\"https:\/\/banhangnhat.com\/wp-content\/uploads\/2023\/08\/bo-xao-hanh-nam.jpg 419w, https:\/\/banhangnhat.com\/wp-content\/uploads\/2023\/08\/bo-xao-hanh-nam-18x12.jpg 18w\" sizes=\"auto, (max-width: 419px) 100vw, 419px\" \/><\/p>","protected":false},"excerpt":{"rendered":"","protected":false},"featured_media":1147,"comment_status":"open","ping_status":"closed","template":"","meta":[],"product_brand":[],"product_cat":[42],"product_tag":[],"class_list":{"0":"post-1146","1":"product","2":"type-product","3":"status-publish","4":"has-post-thumbnail","6":"product_cat-bo-de-heo","8":"first","9":"instock","10":"shipping-taxable","11":"purchasable","12":"product-type-simple"},"_links":{"self":[{"href":"https:\/\/banhangnhat.com\/vi\/wp-json\/wp\/v2\/product\/1146","targetHints":{"allow":["GET"]}}],"collection":[{"href":"https:\/\/banhangnhat.com\/vi\/wp-json\/wp\/v2\/product"}],"about":[{"href":"https:\/\/banhangnhat.com\/vi\/wp-json\/wp\/v2\/types\/product"}],"replies":[{"embeddable":true,"href":"https:\/\/banhangnhat.com\/vi\/wp-json\/wp\/v2\/comments?post=1146"}],"wp:featuredmedia":[{"embeddable":true,"href":"https:\/\/banhangnhat.com\/vi\/wp-json\/wp\/v2\/media\/1147"}],"wp:attachment":[{"href":"https:\/\/banhangnhat.com\/vi\/wp-json\/wp\/v2\/media?parent=1146"}],"wp:term":[{"taxonomy":"product_brand","embeddable":true,"href":"https:\/\/banhangnhat.com\/vi\/wp-json\/wp\/v2\/product_brand?post=1146"},{"taxonomy":"product_cat","embeddable":true,"href":"https:\/\/banhangnhat.com\/vi\/wp-json\/wp\/v2\/product_cat?post=1146"},{"taxonomy":"product_tag","embeddable":true,"href":"https:\/\/banhangnhat.com\/vi\/wp-json\/wp\/v2\/product_tag?post=1146"}],"curies":[{"name":"wp","href":"https:\/\/api.w.org\/{rel}","templated":true}]}}