{"id":1154,"date":"2023-08-19T17:29:32","date_gmt":"2023-08-19T08:29:32","guid":{"rendered":"https:\/\/huongvietjp.com\/?post_type=product&#038;p=1154"},"modified":"2023-08-19T17:29:32","modified_gmt":"2023-08-19T08:29:32","slug":"sach-bo-xao-dua%e3%80%80%ef%bc%88%e3%83%91%e3%82%a4%e3%83%8a%e3%83%83%e3%83%97%e3%83%ab%e3%81%a8%e7%89%9b%e3%83%8f%e3%83%81%e3%83%8e%e3%82%b9%e7%82%92%e3%82%81%ef%bc%89","status":"publish","type":"product","link":"https:\/\/banhangnhat.com\/vi\/san-pham\/sach-bo-xao-dua%e3%80%80%ef%bc%88%e3%83%91%e3%82%a4%e3%83%8a%e3%83%83%e3%83%97%e3%83%ab%e3%81%a8%e7%89%9b%e3%83%8f%e3%83%81%e3%83%8e%e3%82%b9%e7%82%92%e3%82%81%ef%bc%89\/","title":{"rendered":"S\u00e1ch b\u00f2 x\u00e0o d\u1ee9a\u3000\uff08\u30d1\u30a4\u30ca\u30c3\u30d7\u30eb\u3068\u725b\u30cf\u30c1\u30ce\u30b9\u7092\u3081\uff09"},"content":{"rendered":"<p><img loading=\"lazy\" decoding=\"async\" class=\"alignnone size-full wp-image-1155\" src=\"https:\/\/huongvietjp.com\/wp-content\/uploads\/2023\/08\/to-ong-bao-xao.jpg\" alt=\"\" width=\"551\" height=\"370\" data-wp-pid=\"1155\" srcset=\"https:\/\/banhangnhat.com\/wp-content\/uploads\/2023\/08\/to-ong-bao-xao.jpg 551w, https:\/\/banhangnhat.com\/wp-content\/uploads\/2023\/08\/to-ong-bao-xao-370x247.jpg 370w, https:\/\/banhangnhat.com\/wp-content\/uploads\/2023\/08\/to-ong-bao-xao-18x12.jpg 18w\" sizes=\"auto, (max-width: 551px) 100vw, 551px\" \/><\/p>","protected":false},"excerpt":{"rendered":"","protected":false},"featured_media":1155,"comment_status":"open","ping_status":"closed","template":"","meta":[],"product_brand":[],"product_cat":[15],"product_tag":[],"class_list":{"0":"post-1154","1":"product","2":"type-product","3":"status-publish","4":"has-post-thumbnail","6":"product_cat-uncategorized","8":"first","9":"instock","10":"shipping-taxable","11":"purchasable","12":"product-type-simple"},"_links":{"self":[{"href":"https:\/\/banhangnhat.com\/vi\/wp-json\/wp\/v2\/product\/1154","targetHints":{"allow":["GET"]}}],"collection":[{"href":"https:\/\/banhangnhat.com\/vi\/wp-json\/wp\/v2\/product"}],"about":[{"href":"https:\/\/banhangnhat.com\/vi\/wp-json\/wp\/v2\/types\/product"}],"replies":[{"embeddable":true,"href":"https:\/\/banhangnhat.com\/vi\/wp-json\/wp\/v2\/comments?post=1154"}],"wp:featuredmedia":[{"embeddable":true,"href":"https:\/\/banhangnhat.com\/vi\/wp-json\/wp\/v2\/media\/1155"}],"wp:attachment":[{"href":"https:\/\/banhangnhat.com\/vi\/wp-json\/wp\/v2\/media?parent=1154"}],"wp:term":[{"taxonomy":"product_brand","embeddable":true,"href":"https:\/\/banhangnhat.com\/vi\/wp-json\/wp\/v2\/product_brand?post=1154"},{"taxonomy":"product_cat","embeddable":true,"href":"https:\/\/banhangnhat.com\/vi\/wp-json\/wp\/v2\/product_cat?post=1154"},{"taxonomy":"product_tag","embeddable":true,"href":"https:\/\/banhangnhat.com\/vi\/wp-json\/wp\/v2\/product_tag?post=1154"}],"curies":[{"name":"wp","href":"https:\/\/api.w.org\/{rel}","templated":true}]}}