{"id":1170,"date":"2023-08-19T17:59:38","date_gmt":"2023-08-19T08:59:38","guid":{"rendered":"https:\/\/huongvietjp.com\/?post_type=product&#038;p=1170"},"modified":"2023-08-19T17:59:39","modified_gmt":"2023-08-19T08:59:39","slug":"ca-ro-phi-sot-ca-chua%e3%80%80%ef%bc%88%e3%83%86%e3%82%a4%e3%83%a9%e3%83%94%e3%82%a2%e3%81%ae%e3%83%88%e3%83%9e%e3%83%88%e3%82%bd%e3%83%bc%e3%82%b9%e7%85%ae%ef%bc%89","status":"publish","type":"product","link":"https:\/\/banhangnhat.com\/vi\/san-pham\/ca-ro-phi-sot-ca-chua%e3%80%80%ef%bc%88%e3%83%86%e3%82%a4%e3%83%a9%e3%83%94%e3%82%a2%e3%81%ae%e3%83%88%e3%83%9e%e3%83%88%e3%82%bd%e3%83%bc%e3%82%b9%e7%85%ae%ef%bc%89\/","title":{"rendered":"C\u00e1 r\u00f4 ph\u00ed s\u1ed1t c\u00e0 chua\u3000\uff08\u30c6\u30a4\u30e9\u30d4\u30a2\u306e\u30c8\u30de\u30c8\u30bd\u30fc\u30b9\u716e\uff09"},"content":{"rendered":"<p><img loading=\"lazy\" decoding=\"async\" class=\"alignnone size-full wp-image-1171\" src=\"https:\/\/huongvietjp.com\/wp-content\/uploads\/2023\/08\/ca-ro-phi-sot-ca-chua.jpg\" alt=\"\" width=\"432\" height=\"311\" data-wp-pid=\"1171\" srcset=\"https:\/\/banhangnhat.com\/wp-content\/uploads\/2023\/08\/ca-ro-phi-sot-ca-chua.jpg 432w, https:\/\/banhangnhat.com\/wp-content\/uploads\/2023\/08\/ca-ro-phi-sot-ca-chua-18x12.jpg 18w\" sizes=\"auto, (max-width: 432px) 100vw, 432px\" \/><\/p>","protected":false},"excerpt":{"rendered":"","protected":false},"featured_media":1171,"comment_status":"open","ping_status":"closed","template":"","meta":[],"product_brand":[],"product_cat":[43],"product_tag":[],"class_list":{"0":"post-1170","1":"product","2":"type-product","3":"status-publish","4":"has-post-thumbnail","6":"product_cat-mon-dat-truoc","8":"first","9":"instock","10":"shipping-taxable","11":"purchasable","12":"product-type-simple"},"_links":{"self":[{"href":"https:\/\/banhangnhat.com\/vi\/wp-json\/wp\/v2\/product\/1170","targetHints":{"allow":["GET"]}}],"collection":[{"href":"https:\/\/banhangnhat.com\/vi\/wp-json\/wp\/v2\/product"}],"about":[{"href":"https:\/\/banhangnhat.com\/vi\/wp-json\/wp\/v2\/types\/product"}],"replies":[{"embeddable":true,"href":"https:\/\/banhangnhat.com\/vi\/wp-json\/wp\/v2\/comments?post=1170"}],"wp:featuredmedia":[{"embeddable":true,"href":"https:\/\/banhangnhat.com\/vi\/wp-json\/wp\/v2\/media\/1171"}],"wp:attachment":[{"href":"https:\/\/banhangnhat.com\/vi\/wp-json\/wp\/v2\/media?parent=1170"}],"wp:term":[{"taxonomy":"product_brand","embeddable":true,"href":"https:\/\/banhangnhat.com\/vi\/wp-json\/wp\/v2\/product_brand?post=1170"},{"taxonomy":"product_cat","embeddable":true,"href":"https:\/\/banhangnhat.com\/vi\/wp-json\/wp\/v2\/product_cat?post=1170"},{"taxonomy":"product_tag","embeddable":true,"href":"https:\/\/banhangnhat.com\/vi\/wp-json\/wp\/v2\/product_tag?post=1170"}],"curies":[{"name":"wp","href":"https:\/\/api.w.org\/{rel}","templated":true}]}}