{"id":995,"date":"2023-08-19T11:27:54","date_gmt":"2023-08-19T02:27:54","guid":{"rendered":"https:\/\/huongvietjp.com\/?post_type=product&#038;p=995"},"modified":"2023-08-19T11:27:54","modified_gmt":"2023-08-19T02:27:54","slug":"sup-cua-ga-xe-%e9%b6%8f%e8%82%89%e3%81%a8%e3%82%ab%e3%83%8b%e3%82%b9%e3%83%bc%e3%83%97","status":"publish","type":"product","link":"https:\/\/banhangnhat.com\/vi\/san-pham\/sup-cua-ga-xe-%e9%b6%8f%e8%82%89%e3%81%a8%e3%82%ab%e3%83%8b%e3%82%b9%e3%83%bc%e3%83%97\/","title":{"rendered":"S\u00fap Cua G\u00e0 X\u00e9 \u9d8f\u8089\u3068\u30ab\u30cb\u30b9\u30fc\u30d7"},"content":{"rendered":"<p><img loading=\"lazy\" decoding=\"async\" class=\"alignnone size-full wp-image-996\" src=\"https:\/\/huongvietjp.com\/wp-content\/uploads\/2023\/08\/sup-cua-ga-xe.jpg\" alt=\"\" width=\"250\" height=\"199\" data-wp-pid=\"996\" srcset=\"https:\/\/banhangnhat.com\/wp-content\/uploads\/2023\/08\/sup-cua-ga-xe.jpg 250w, https:\/\/banhangnhat.com\/wp-content\/uploads\/2023\/08\/sup-cua-ga-xe-15x12.jpg 15w\" sizes=\"auto, (max-width: 250px) 100vw, 250px\" \/><\/p>","protected":false},"excerpt":{"rendered":"","protected":false},"featured_media":996,"comment_status":"open","ping_status":"closed","template":"","meta":[],"product_brand":[],"product_cat":[29],"product_tag":[],"class_list":{"0":"post-995","1":"product","2":"type-product","3":"status-publish","4":"has-post-thumbnail","6":"product_cat-monkhaivi-zensai-appetizer","8":"first","9":"instock","10":"shipping-taxable","11":"purchasable","12":"product-type-simple"},"_links":{"self":[{"href":"https:\/\/banhangnhat.com\/vi\/wp-json\/wp\/v2\/product\/995","targetHints":{"allow":["GET"]}}],"collection":[{"href":"https:\/\/banhangnhat.com\/vi\/wp-json\/wp\/v2\/product"}],"about":[{"href":"https:\/\/banhangnhat.com\/vi\/wp-json\/wp\/v2\/types\/product"}],"replies":[{"embeddable":true,"href":"https:\/\/banhangnhat.com\/vi\/wp-json\/wp\/v2\/comments?post=995"}],"wp:featuredmedia":[{"embeddable":true,"href":"https:\/\/banhangnhat.com\/vi\/wp-json\/wp\/v2\/media\/996"}],"wp:attachment":[{"href":"https:\/\/banhangnhat.com\/vi\/wp-json\/wp\/v2\/media?parent=995"}],"wp:term":[{"taxonomy":"product_brand","embeddable":true,"href":"https:\/\/banhangnhat.com\/vi\/wp-json\/wp\/v2\/product_brand?post=995"},{"taxonomy":"product_cat","embeddable":true,"href":"https:\/\/banhangnhat.com\/vi\/wp-json\/wp\/v2\/product_cat?post=995"},{"taxonomy":"product_tag","embeddable":true,"href":"https:\/\/banhangnhat.com\/vi\/wp-json\/wp\/v2\/product_tag?post=995"}],"curies":[{"name":"wp","href":"https:\/\/api.w.org\/{rel}","templated":true}]}}